{"id":11,"date":"2020-02-04T18:08:48","date_gmt":"2020-02-04T17:08:48","guid":{"rendered":"http:\/\/wp.lacerisesurlecochon.fr\/?page_id=11"},"modified":"2026-02-27T09:42:31","modified_gmt":"2026-02-27T08:42:31","slug":"accueil","status":"publish","type":"page","link":"https:\/\/www.lacerisesurlecochon.fr\/","title":{"rendered":"Conserverie Artisanale Nivernaise"},"content":{"rendered":"\n<h3 class=\"wp-block-heading\">Conserves artisanales de Terrines, Rillettes, Foie Gras, &#8230;<\/h3>\n\n\n\n<p><\/p>\n\n\n\n<p>&nbsp;<\/p>\n\n\n\n<figure class=\"wp-block-image size-large\"><img loading=\"lazy\" decoding=\"async\" width=\"1024\" height=\"728\" src=\"https:\/\/www.lacerisesurlecochon.fr\/wp-content\/uploads\/2020\/04\/Accueil-1024x728.jpg\" alt=\"Conserverie Artisanale Nivernaise\" class=\"wp-image-147\" srcset=\"https:\/\/www.lacerisesurlecochon.fr\/wp-content\/uploads\/2020\/04\/Accueil-1024x728.jpg 1024w, https:\/\/www.lacerisesurlecochon.fr\/wp-content\/uploads\/2020\/04\/Accueil-300x213.jpg 300w, https:\/\/www.lacerisesurlecochon.fr\/wp-content\/uploads\/2020\/04\/Accueil-768x546.jpg 768w, https:\/\/www.lacerisesurlecochon.fr\/wp-content\/uploads\/2020\/04\/Accueil-416x296.jpg 416w, https:\/\/www.lacerisesurlecochon.fr\/wp-content\/uploads\/2020\/04\/Accueil.jpg 1440w\" sizes=\"auto, (max-width: 1024px) 100vw, 1024px\" \/><\/figure>\n\n\n\n<h4 class=\"wp-block-heading\">Dans notre conserverie artisanale et familiale situ\u00e9e dans la Ni\u00e8vre en Bourgogne, nous \u00e9laborons et mettons en bocaux diff\u00e9rentes gammes de terrines, rillettes, foie gras&#8230;<\/h4>\n\n\n<p>Retrouvez tous nos produits dans notre <a href=\"https:\/\/www.lacerisesurlecochon.fr\/index.php\/categorie-produit\/porc\/\">boutique de vente directe<\/a>.<\/p>\n<p><!-- \/wp:post-content --><\/p>\n<p><!-- wp:paragraph --><\/p>\n<p>Go\u00fbtez nos <a href=\"https:\/\/www.lacerisesurlecochon.fr\/index.php\/categorie-produit\/porc\/\">Traditionnelles<\/a> : P\u00e2t\u00e9 de Campagne au Sancerre, Rillettes de Pur Porc Fermier, Jambon Persill\u00e9 de Bourgogne&#8230;<\/p>\n<p><!-- \/wp:paragraph --><\/p>\n<p><!-- wp:paragraph --><\/p>\n<p>D\u00e9couvrez nos <a href=\"https:\/\/www.lacerisesurlecochon.fr\/index.php\/categorie-produit\/originales\/\">Originales<\/a> : Terrine de Veau au Confit d\u2019Echalotes, Terrine d\u2019Agneau au Romarin, Boudin Noir \u00e0 tartiner&#8230;<\/p>\n<p><!-- \/wp:paragraph --><\/p>\n<p><!-- wp:paragraph --><\/p>\n<p>Savourez nos recettes <a href=\"https:\/\/www.lacerisesurlecochon.fr\/index.php\/categorie-produit\/bourguignonnes\/\">Bourguignonnes<\/a> : Terrine de Pintade au Marc de Bourgogne, Terrine de Lapin au Chablis, Terrine de Cochon \u00e0 la Moutarde \u00e0 l\u2019Ancienne, Terrine Foresti\u00e8re Nivernaise\u2026<\/p>\n<p><!-- \/wp:paragraph --><\/p>\n<p><!-- wp:paragraph --><\/p>\n<p>Nous utilisons exclusivement des ingr\u00e9dients de qualit\u00e9, comme du Porc Fermier Label Rouge \u00e9lev\u00e9 en plein air, du vin de nos vignerons locaux&#8230;<\/p>\n<p><!-- \/wp:paragraph --><\/p>\n<p><!-- wp:paragraph --><\/p>\n<p>Bien entendu, toutes nos conserves sont garanties sans additifs et sans conservateurs !<\/p>\n<p><!-- \/wp:paragraph --><\/p>","protected":false},"excerpt":{"rendered":"<p>Conserves artisanales de Terrines, Rillettes, Foie Gras, &#8230; &nbsp; Dans notre conserverie artisanale et familiale situ\u00e9e dans la Ni\u00e8vre en Bourgogne, nous \u00e9laborons et mettons en bocaux diff\u00e9rentes gammes de terrines, rillettes, foie gras&#8230; Retrouvez tous nos produits dans notre boutique de vente directe. Go\u00fbtez nos Traditionnelles : P\u00e2t\u00e9 de Campagne au Sancerre, Rillettes de [&hellip;]<\/p>\n","protected":false},"author":1,"featured_media":0,"parent":0,"menu_order":0,"comment_status":"closed","ping_status":"closed","template":"","meta":{"footnotes":""},"class_list":["post-11","page","type-page","status-publish","hentry"],"_links":{"self":[{"href":"https:\/\/www.lacerisesurlecochon.fr\/index.php\/wp-json\/wp\/v2\/pages\/11","targetHints":{"allow":["GET"]}}],"collection":[{"href":"https:\/\/www.lacerisesurlecochon.fr\/index.php\/wp-json\/wp\/v2\/pages"}],"about":[{"href":"https:\/\/www.lacerisesurlecochon.fr\/index.php\/wp-json\/wp\/v2\/types\/page"}],"author":[{"embeddable":true,"href":"https:\/\/www.lacerisesurlecochon.fr\/index.php\/wp-json\/wp\/v2\/users\/1"}],"replies":[{"embeddable":true,"href":"https:\/\/www.lacerisesurlecochon.fr\/index.php\/wp-json\/wp\/v2\/comments?post=11"}],"version-history":[{"count":49,"href":"https:\/\/www.lacerisesurlecochon.fr\/index.php\/wp-json\/wp\/v2\/pages\/11\/revisions"}],"predecessor-version":[{"id":866,"href":"https:\/\/www.lacerisesurlecochon.fr\/index.php\/wp-json\/wp\/v2\/pages\/11\/revisions\/866"}],"wp:attachment":[{"href":"https:\/\/www.lacerisesurlecochon.fr\/index.php\/wp-json\/wp\/v2\/media?parent=11"}],"curies":[{"name":"wp","href":"https:\/\/api.w.org\/{rel}","templated":true}]}}