{"id":16,"date":"2020-02-04T18:10:34","date_gmt":"2020-02-04T17:10:34","guid":{"rendered":"http:\/\/wp.lacerisesurlecochon.fr\/?page_id=16"},"modified":"2025-07-23T12:48:17","modified_gmt":"2025-07-23T10:48:17","slug":"le-point-de-vente-directe","status":"publish","type":"page","link":"https:\/\/www.lacerisesurlecochon.fr\/index.php\/le-point-de-vente-directe\/","title":{"rendered":"La Boutique de Vente directe"},"content":{"rendered":"\n<h2 class=\"wp-block-heading\"><strong>Nous avons ouvert notre boutique de vente directe \u00e0 Gu\u00e9rigny au 37 Grande rue.<\/strong><\/h2>\n\n\n<p><img loading=\"lazy\" decoding=\"async\" class=\"alignleft  wp-image-621\" src=\"https:\/\/www.lacerisesurlecochon.fr\/wp-content\/uploads\/2024\/08\/20240801_115400.jpg\" alt=\"Boutique \u00e0 Guerigny\" width=\"381\" height=\"286\" srcset=\"https:\/\/www.lacerisesurlecochon.fr\/wp-content\/uploads\/2024\/08\/20240801_115400.jpg 800w, https:\/\/www.lacerisesurlecochon.fr\/wp-content\/uploads\/2024\/08\/20240801_115400-300x225.jpg 300w, https:\/\/www.lacerisesurlecochon.fr\/wp-content\/uploads\/2024\/08\/20240801_115400-768x576.jpg 768w, https:\/\/www.lacerisesurlecochon.fr\/wp-content\/uploads\/2024\/08\/20240801_115400-416x312.jpg 416w\" sizes=\"auto, (max-width: 381px) 100vw, 381px\" \/><\/p>\n<p>Nous vous accueillons dans notre boutique, lieu convivial vous permettant de d\u00e9couvrir nos produits et \u00e9galement ceux d\u2019autres producteurs locaux.<\/p>\n<p>C&rsquo;est l&rsquo;occasion de vous faire plaisir et aussi d&rsquo;offrir un produit du terroir bourguignon \u00e0 vos proches !<\/p>\n<p><img loading=\"lazy\" decoding=\"async\" class=\"wp-image-627 alignright\" src=\"https:\/\/www.lacerisesurlecochon.fr\/wp-content\/uploads\/2024\/08\/20240801_115643.jpg\" alt=\"Delphine \u00e0 la vente\" width=\"349\" height=\"262\" srcset=\"https:\/\/www.lacerisesurlecochon.fr\/wp-content\/uploads\/2024\/08\/20240801_115643.jpg 800w, https:\/\/www.lacerisesurlecochon.fr\/wp-content\/uploads\/2024\/08\/20240801_115643-300x225.jpg 300w, https:\/\/www.lacerisesurlecochon.fr\/wp-content\/uploads\/2024\/08\/20240801_115643-768x576.jpg 768w, https:\/\/www.lacerisesurlecochon.fr\/wp-content\/uploads\/2024\/08\/20240801_115643-416x312.jpg 416w\" sizes=\"auto, (max-width: 349px) 100vw, 349px\" \/><\/p>\n<p>\u00a0<\/p>\n<p>\u00a0<\/p>\n<p>\u00a0<\/p>\n<p><strong>Informations pratiques :<\/strong><\/p>\n<p>La boutique est ouverte tous les jeudis apr\u00e8s-midi et les vendredis, samedis toute la journ\u00e9e.<\/p>\n<p><a href=\"https:\/\/www.google.com\/search?q=La+Cerise+sur+le+Cochon+-+La+Boutique&amp;stick=H4sIAAAAAAAA_-NgU1I1qDAxTzMwsTQ2N7MwTbY0SU2zMqhIMTVMMzAzSEqxTE41MDU2WsSq6pOo4JxalFmcqlBcWqSQk6rgnJ-ckZ-noKsAlHHKLy3JLCxNBQDSoVOhUQAAAA&amp;hl=fr&amp;mat=CaIhgVKOT9oqElcBEKoLaYU_3Kl56I5qDFWpvzPPWg7CdoYkbyr2cofiyOTmBruFOUlIEXqP28sQqDpFkSW_8oD_gCZnNnrbVs5paqCpjnsSIQ7TX34rWc9iNRJXojbUBjs&amp;authuser=0&amp;ved=2ahUKEwiBlNraz9aHAxVxTqQEHVxKC2QQ-MgIegQIHRAd&amp;zx=1722678015494&amp;no_sw_cr=1\" target=\"_blank\" rel=\"noopener\">Retrouvez tous les d\u00e9tails ici !<\/a><\/p>\n<p><strong>Vous trouverez ci-dessous un \u00e9chantillon des produits que nous proposons :<\/strong><\/p>\n<p>\u00a0<\/p>\n\n<div id=\"metaslider-id-702\" style=\"width: 100%; margin: 0 auto;\" class=\"ml-slider-3-105-0 metaslider metaslider-flex metaslider-702 ml-slider has-dots-nav has-carousel-mode ms-theme-outline\" role=\"region\" aria-label=\"Nouveau diaporama\" data-height=\"300\" data-width=\"300\">\n    <div id=\"metaslider_container_702\">\n        <div id=\"metaslider_702\">\n            <ul class='slides'>\n                <li style=\"display: none; width: 100%;\" class=\"slide-711 ms-image \" aria-roledescription=\"slide\" data-date=\"2025-06-10 15:18:15\" data-filename=\"Forest_GmB-300x300.jpg\" data-slide-type=\"image\"><img loading=\"lazy\" decoding=\"async\" src=\"https:\/\/www.lacerisesurlecochon.fr\/wp-content\/uploads\/2025\/06\/Forest_GmB-300x300.jpg\" height=\"300\" width=\"300\" alt=\"Terrine Foresti\u00e8re avec des C\u00e8pes et des Bolets\" class=\"slider-702 slide-711 msDefaultImage\" title=\"Terrine Foresti\u00e8re Nivernaise\" \/><div class=\"caption-wrap\"><div class=\"caption\"><div>Terrine Foresti\u00e8re Nivernaise avec des C\u00e8pes et des Bolets<\/div><\/div><\/div><\/li>\n                <li style=\"display: none; width: 100%;\" class=\"slide-712 ms-image \" aria-roledescription=\"slide\" data-date=\"2025-06-10 15:19:11\" data-filename=\"Vin-blanc_GmB-300x300.jpg\" data-slide-type=\"image\"><img loading=\"lazy\" decoding=\"async\" src=\"https:\/\/www.lacerisesurlecochon.fr\/wp-content\/uploads\/2025\/06\/Vin-blanc_GmB-300x300.jpg\" height=\"300\" width=\"300\" alt=\"Vins blancs locaux de nos vignerons\" class=\"slider-702 slide-712 msDefaultImage\" title=\"Vins blancs locaux\" \/><div class=\"caption-wrap\"><div class=\"caption\"><div>Vins blans locaux<\/div><\/div><\/div><\/li>\n                <li style=\"display: none; width: 100%;\" class=\"slide-714 ms-image \" aria-roledescription=\"slide\" data-date=\"2025-06-10 15:23:45\" data-filename=\"Panier-cadeau_GmB-300x300.jpg\" data-slide-type=\"image\"><img loading=\"lazy\" decoding=\"async\" src=\"https:\/\/www.lacerisesurlecochon.fr\/wp-content\/uploads\/2025\/06\/Panier-cadeau_GmB-300x300.jpg\" height=\"300\" width=\"300\" alt=\"Panier cadeau avec des produits locaux\" class=\"slider-702 slide-714 msDefaultImage\" title=\"Panier cadeau\" \/><div class=\"caption-wrap\"><div class=\"caption\"><div>Panier cadeau avec des produits locaux<\/div><\/div><\/div><\/li>\n                <li style=\"display: none; width: 100%;\" class=\"slide-721 ms-image \" aria-roledescription=\"slide\" data-date=\"2025-06-10 16:20:03\" data-filename=\"The_GmB-300x300.jpg\" data-slide-type=\"image\"><img loading=\"lazy\" decoding=\"async\" src=\"https:\/\/www.lacerisesurlecochon.fr\/wp-content\/uploads\/2025\/06\/The_GmB-300x300.jpg\" height=\"300\" width=\"300\" alt=\"Th\u00e9 et infusions\" class=\"slider-702 slide-721 msDefaultImage\" title=\"Th\u00e9\" \/><div class=\"caption-wrap\"><div class=\"caption\"><div>Th\u00e9 et Infusions<\/div><\/div><\/div><\/li>\n                <li style=\"display: none; width: 100%;\" class=\"slide-722 ms-image \" aria-roledescription=\"slide\" data-date=\"2025-06-10 16:21:03\" data-filename=\"Terrines_GmB-scaled-300x300.jpg\" data-slide-type=\"image\"><img loading=\"lazy\" decoding=\"async\" src=\"https:\/\/www.lacerisesurlecochon.fr\/wp-content\/uploads\/2025\/06\/Terrines_GmB-scaled-300x300.jpg\" height=\"300\" width=\"300\" alt=\"Nos Terrines pr\u00e9par\u00e9es dans notre atelier\" class=\"slider-702 slide-722 msDefaultImage\" title=\"Nos Terrines\" \/><div class=\"caption-wrap\"><div class=\"caption\"><div>Nos Terrines pr\u00e9par\u00e9es dans notre atelier<\/div><\/div><\/div><\/li>\n                <li style=\"display: none; width: 100%;\" class=\"slide-725 ms-image \" aria-roledescription=\"slide\" data-date=\"2025-06-10 16:23:12\" data-filename=\"Biscuits_GmB-300x300.jpg\" data-slide-type=\"image\"><img loading=\"lazy\" decoding=\"async\" src=\"https:\/\/www.lacerisesurlecochon.fr\/wp-content\/uploads\/2025\/06\/Biscuits_GmB-300x300.jpg\" height=\"300\" width=\"300\" alt=\"Biscuits sucr\u00e9s locaux\" class=\"slider-702 slide-725 msDefaultImage\" title=\"Biscuits sucr\u00e9s\" \/><div class=\"caption-wrap\"><div class=\"caption\"><div>Biscuits sucr\u00e9s locaux<\/div><\/div><\/div><\/li>\n                <li style=\"display: none; width: 100%;\" class=\"slide-726 ms-image \" aria-roledescription=\"slide\" data-date=\"2025-06-10 16:23:53\" data-filename=\"Huiles_GmB-300x300.jpg\" data-slide-type=\"image\"><img loading=\"lazy\" decoding=\"async\" src=\"https:\/\/www.lacerisesurlecochon.fr\/wp-content\/uploads\/2025\/06\/Huiles_GmB-300x300.jpg\" height=\"300\" width=\"300\" alt=\"Huiles de producteur\" class=\"slider-702 slide-726 msDefaultImage\" title=\"Huiles de producteur\" \/><div class=\"caption-wrap\"><div class=\"caption\"><div>Huiles de producteur<\/div><\/div><\/div><\/li>\n                <li style=\"display: none; width: 100%;\" class=\"slide-727 ms-image \" aria-roledescription=\"slide\" data-date=\"2025-06-10 16:24:49\" data-filename=\"La-rurale-2_-GmB-300x300.jpg\" data-slide-type=\"image\"><img loading=\"lazy\" decoding=\"async\" src=\"https:\/\/www.lacerisesurlecochon.fr\/wp-content\/uploads\/2025\/06\/La-rurale-2_-GmB-300x300.jpg\" height=\"300\" width=\"300\" alt=\"Bi\u00e8res locales La Rurale\" class=\"slider-702 slide-727 msDefaultImage\" title=\"Bi\u00e8res La Rurale\" \/><div class=\"caption-wrap\"><div class=\"caption\"><div>Bi\u00e8res locales La Rurale<\/div><\/div><\/div><\/li>\n                <li style=\"display: none; width: 100%;\" class=\"slide-723 ms-image \" aria-roledescription=\"slide\" data-date=\"2025-06-10 16:21:33\" data-filename=\"Lapin_GmB-300x300.jpg\" data-slide-type=\"image\"><img loading=\"lazy\" decoding=\"async\" src=\"https:\/\/www.lacerisesurlecochon.fr\/wp-content\/uploads\/2025\/06\/Lapin_GmB-300x300.jpg\" height=\"300\" width=\"300\" alt=\"Terrine de Lapin au Chablis\" class=\"slider-702 slide-723 msDefaultImage\" title=\"Terrine de Lapin au Chablis\" \/><div class=\"caption-wrap\"><div class=\"caption\"><div>Terrine de Lapin au Chablis<\/div><\/div><\/div><\/li>\n                <li style=\"display: none; width: 100%;\" class=\"slide-728 ms-image \" aria-roledescription=\"slide\" data-date=\"2025-06-10 16:25:58\" data-filename=\"Nougatines_GmB-300x300.jpg\" data-slide-type=\"image\"><img loading=\"lazy\" decoding=\"async\" src=\"https:\/\/www.lacerisesurlecochon.fr\/wp-content\/uploads\/2025\/06\/Nougatines_GmB-300x300.jpg\" height=\"300\" width=\"300\" alt=\"Nougatines de Nevers, sp\u00e9cialit\u00e9 de la Ni\u00e8vre\" class=\"slider-702 slide-728 msDefaultImage\" title=\"Nougatines de Nevers\" \/><div class=\"caption-wrap\"><div class=\"caption\"><div>Nougatines de Nevers, sp\u00e9cialit\u00e9 de la Ni\u00e8vre<\/div><\/div><\/div><\/li>\n                <li style=\"display: none; width: 100%;\" class=\"slide-733 ms-image \" aria-roledescription=\"slide\" data-date=\"2025-06-10 16:30:11\" data-filename=\"Vin-rouge_GmB-300x300.jpg\" data-slide-type=\"image\"><img loading=\"lazy\" decoding=\"async\" src=\"https:\/\/www.lacerisesurlecochon.fr\/wp-content\/uploads\/2025\/06\/Vin-rouge_GmB-300x300.jpg\" height=\"300\" width=\"300\" alt=\"Vins rouges locaux\" class=\"slider-702 slide-733 msDefaultImage\" title=\"Vins rouges\" \/><div class=\"caption-wrap\"><div class=\"caption\"><div>Vins rouges locaux<\/div><\/div><\/div><\/li>\n                <li style=\"display: none; width: 100%;\" class=\"slide-729 ms-image \" aria-roledescription=\"slide\" data-date=\"2025-06-10 16:27:08\" data-filename=\"Pickles_GmB-300x300.jpg\" data-slide-type=\"image\"><img loading=\"lazy\" decoding=\"async\" src=\"https:\/\/www.lacerisesurlecochon.fr\/wp-content\/uploads\/2025\/06\/Pickles_GmB-300x300.jpg\" height=\"300\" width=\"300\" alt=\"Nos Pickles pr\u00e9par\u00e9s Maison et des biscuits sal\u00e9s artisanaux\" class=\"slider-702 slide-729 msDefaultImage\" title=\"Nos Pickles et biscuits sal\u00e9s\" \/><div class=\"caption-wrap\"><div class=\"caption\"><div>Nos Pickles pr\u00e9par\u00e9s Maison et des biscuits sal\u00e9s artisanaux<\/div><\/div><\/div><\/li>\n                <li style=\"display: none; width: 100%;\" class=\"slide-730 ms-image \" aria-roledescription=\"slide\" data-date=\"2025-06-10 16:28:03\" data-filename=\"Plats-cuisines_GmB-300x300.jpg\" data-slide-type=\"image\"><img loading=\"lazy\" decoding=\"async\" src=\"https:\/\/www.lacerisesurlecochon.fr\/wp-content\/uploads\/2025\/06\/Plats-cuisines_GmB-300x300.jpg\" height=\"300\" width=\"300\" alt=\"Nos Plats cuisin\u00e9s pr\u00e9par\u00e9s Maison\" class=\"slider-702 slide-730 msDefaultImage\" title=\"Plats cuisin\u00e9s\" \/><div class=\"caption-wrap\"><div class=\"caption\"><div>Nos Plats cuisin\u00e9s pr\u00e9par\u00e9s Maison<\/div><\/div><\/div><\/li>\n                <li style=\"display: none; width: 100%;\" class=\"slide-731 ms-image \" aria-roledescription=\"slide\" data-date=\"2025-06-10 16:28:48\" data-filename=\"Spiritueux-GmB-300x300.jpg\" data-slide-type=\"image\"><img loading=\"lazy\" decoding=\"async\" src=\"https:\/\/www.lacerisesurlecochon.fr\/wp-content\/uploads\/2025\/06\/Spiritueux-GmB-300x300.jpg\" height=\"300\" width=\"300\" alt=\"Spiritueux locaux et d&#039;ailleurs\" class=\"slider-702 slide-731 msDefaultImage\" title=\"Spiritueux\" \/><div class=\"caption-wrap\"><div class=\"caption\"><div>Spiritueux locaux et d'ailleurs<\/div><\/div><\/div><\/li>\n                <li style=\"display: none; width: 100%;\" class=\"slide-724 ms-image \" aria-roledescription=\"slide\" data-date=\"2025-06-10 16:22:34\" data-filename=\"Rill_Poulet_GmB-300x300.jpg\" data-slide-type=\"image\"><img loading=\"lazy\" decoding=\"async\" src=\"https:\/\/www.lacerisesurlecochon.fr\/wp-content\/uploads\/2025\/06\/Rill_Poulet_GmB-300x300.jpg\" height=\"300\" width=\"300\" alt=\"Rillettes de Poulet au Pouilly Fum\u00e9\" class=\"slider-702 slide-724 msDefaultImage\" title=\"Rillettes de Poulet au Pouilly Fum\u00e9\" \/><div class=\"caption-wrap\"><div class=\"caption\"><div>Rillettes de Poulet au Pouilly Fum\u00e9<\/div><\/div><\/div><\/li>\n                <li style=\"display: none; width: 100%;\" class=\"slide-732 ms-image \" aria-roledescription=\"slide\" data-date=\"2025-06-10 16:29:30\" data-filename=\"Vin-rose_GmB-300x300.jpg\" data-slide-type=\"image\"><img loading=\"lazy\" decoding=\"async\" src=\"https:\/\/www.lacerisesurlecochon.fr\/wp-content\/uploads\/2025\/06\/Vin-rose_GmB-300x300.jpg\" height=\"300\" width=\"300\" alt=\"Vins ros\u00e9s locaux\" class=\"slider-702 slide-732 msDefaultImage\" title=\"Vins ros\u00e9s\" \/><div class=\"caption-wrap\"><div class=\"caption\"><div>Vins ros\u00e9s locaux<\/div><\/div><\/div><\/li>\n                <li style=\"display: none; width: 100%;\" class=\"slide-734 ms-image \" aria-roledescription=\"slide\" data-date=\"2025-06-10 16:30:46\" data-filename=\"Mugs_GmB-300x300.jpg\" data-slide-type=\"image\"><img loading=\"lazy\" decoding=\"async\" src=\"https:\/\/www.lacerisesurlecochon.fr\/wp-content\/uploads\/2025\/06\/Mugs_GmB-300x300.jpg\" height=\"300\" width=\"300\" alt=\"D\u00e9coration et art de la table\" class=\"slider-702 slide-734 msDefaultImage\" title=\"Mugs\" \/><div class=\"caption-wrap\"><div class=\"caption\"><div>D\u00e9coration et art de la table<\/div><\/div><\/div><\/li>\n            <\/ul>\n        <\/div>\n        \n    <\/div>\n<\/div>\n\n\n<p>\u00a0<\/p>\n<p><strong>Nous proposons \u00e9galement des planches ap\u00e9ro \u00e0 emporter r\u00e9alis\u00e9es avec nos produits et des produits artisanaux locaux.<\/strong><br \/>R\u00e9servez au 06.52.20.04.71<\/p>\n<p><img loading=\"lazy\" decoding=\"async\" class=\"alignleft  wp-image-624\" src=\"https:\/\/www.lacerisesurlecochon.fr\/wp-content\/uploads\/2024\/08\/20240731_195956.jpg\" alt=\"Planche ap\u00e9ro\" width=\"442\" height=\"332\" srcset=\"https:\/\/www.lacerisesurlecochon.fr\/wp-content\/uploads\/2024\/08\/20240731_195956.jpg 800w, https:\/\/www.lacerisesurlecochon.fr\/wp-content\/uploads\/2024\/08\/20240731_195956-300x225.jpg 300w, https:\/\/www.lacerisesurlecochon.fr\/wp-content\/uploads\/2024\/08\/20240731_195956-768x576.jpg 768w, https:\/\/www.lacerisesurlecochon.fr\/wp-content\/uploads\/2024\/08\/20240731_195956-416x312.jpg 416w\" sizes=\"auto, (max-width: 442px) 100vw, 442px\" \/><\/p>\n<p style=\"text-align: left;\"><em>\u00a0 \u00a0 \u00a0 \u00a0 \u00a0 \u00a0 \u00a0 \u00a0 \u00a0 \u00a0 \u00a0 \u00a0 \u00a0 \u00a0 \u00a0 \u00a0 \u00a0 \u00a0 \u00a0 \u00a0 \u00a0 \u00a0 \u00a0 \u00a0 \u00a0 \u00a0 \u00a0 \u00a0 \u00a0 \u00a0 \u00a0 \u00a0 \u00a0 \u00a0 \u00a0 \u00a0 \u00a0 \u00a0 \u00a0 \u00a0 \u00a0 \u00a0 \u00a0 \u00a0 \u00a0 \u00a0<\/em><\/p>","protected":false},"excerpt":{"rendered":"<p>Nous avons ouvert notre boutique de vente directe \u00e0 Gu\u00e9rigny au 37 Grande rue. Nous vous accueillons dans notre boutique, lieu convivial vous permettant de d\u00e9couvrir nos produits et \u00e9galement ceux d\u2019autres producteurs locaux. C&rsquo;est l&rsquo;occasion de vous faire plaisir et aussi d&rsquo;offrir un produit du terroir bourguignon \u00e0 vos proches ! \u00a0 \u00a0 \u00a0 [&hellip;]<\/p>\n","protected":false},"author":1,"featured_media":0,"parent":0,"menu_order":0,"comment_status":"closed","ping_status":"closed","template":"","meta":{"footnotes":""},"class_list":["post-16","page","type-page","status-publish","hentry"],"_links":{"self":[{"href":"https:\/\/www.lacerisesurlecochon.fr\/index.php\/wp-json\/wp\/v2\/pages\/16","targetHints":{"allow":["GET"]}}],"collection":[{"href":"https:\/\/www.lacerisesurlecochon.fr\/index.php\/wp-json\/wp\/v2\/pages"}],"about":[{"href":"https:\/\/www.lacerisesurlecochon.fr\/index.php\/wp-json\/wp\/v2\/types\/page"}],"author":[{"embeddable":true,"href":"https:\/\/www.lacerisesurlecochon.fr\/index.php\/wp-json\/wp\/v2\/users\/1"}],"replies":[{"embeddable":true,"href":"https:\/\/www.lacerisesurlecochon.fr\/index.php\/wp-json\/wp\/v2\/comments?post=16"}],"version-history":[{"count":39,"href":"https:\/\/www.lacerisesurlecochon.fr\/index.php\/wp-json\/wp\/v2\/pages\/16\/revisions"}],"predecessor-version":[{"id":828,"href":"https:\/\/www.lacerisesurlecochon.fr\/index.php\/wp-json\/wp\/v2\/pages\/16\/revisions\/828"}],"wp:attachment":[{"href":"https:\/\/www.lacerisesurlecochon.fr\/index.php\/wp-json\/wp\/v2\/media?parent=16"}],"curies":[{"name":"wp","href":"https:\/\/api.w.org\/{rel}","templated":true}]}}