{"id":20,"date":"2020-02-04T18:11:33","date_gmt":"2020-02-04T17:11:33","guid":{"rendered":"http:\/\/wp.lacerisesurlecochon.fr\/?page_id=20"},"modified":"2025-06-10T17:04:48","modified_gmt":"2025-06-10T15:04:48","slug":"nos-coordonnees","status":"publish","type":"page","link":"https:\/\/www.lacerisesurlecochon.fr\/index.php\/nos-coordonnees\/","title":{"rendered":"Nos Coordonn\u00e9es"},"content":{"rendered":"<p><img loading=\"lazy\" decoding=\"async\" class=\"wp-image-149 alignright\" src=\"https:\/\/www.lacerisesurlecochon.fr\/wp-content\/uploads\/2020\/04\/Terrines.jpg\" alt=\"Terrines\" width=\"422\" height=\"282\" srcset=\"https:\/\/www.lacerisesurlecochon.fr\/wp-content\/uploads\/2020\/04\/Terrines.jpg 1000w, https:\/\/www.lacerisesurlecochon.fr\/wp-content\/uploads\/2020\/04\/Terrines-300x200.jpg 300w, https:\/\/www.lacerisesurlecochon.fr\/wp-content\/uploads\/2020\/04\/Terrines-768x512.jpg 768w, https:\/\/www.lacerisesurlecochon.fr\/wp-content\/uploads\/2020\/04\/Terrines-416x277.jpg 416w\" sizes=\"auto, (max-width: 422px) 100vw, 422px\" \/><\/p>\n<p>Delphine et Pascal LEBALLEUR<\/p>\n<p><a href=\"mailto:contact@lacerisesurlecochon.fr\" data-rich-text-format-boundary=\"true\">contact@lacerisesurlecochon.fr<\/a><\/p>\n<p>T\u00e9l\u00e9phone : 06 52 20 04 71<\/p>\n<\/p>\n\n\n<p><\/p>\n\n\n\n<p><\/p>\n\n\n\n<p><strong><u>La Boutique<\/u><\/strong><\/p>\n\n\n\n<p>Adresse : 37 Grande rue<br>58130 Gu\u00e9rigny<\/p>\n\n\n\n<p>Ni\u00e8vre &#8211; Bourgogne<\/p>\n\n<p>Horaires d&rsquo;ouverture :\n<ul>\n<li>Jeudi : 15h \u00e0 19h<\/li>\n<li>Vendredi : 9h30 \u00e0 12h30 et 15h \u00e0 19h<\/li>\n<li>Samedi : 9h30 \u00e0 12h30 et 15h \u00e0 19h<\/li>\n<\/ul>\n<\/p>\n\n<iframe src=\"https:\/\/www.google.com\/maps\/embed?pb=!1m18!1m12!1m3!1d2716.6779207851137!2d3.190627175432466!3d47.08577932379879!2m3!1f0!2f0!3f0!3m2!1i1024!2i768!4f13.1!3m3!1m2!1s0x47f04937685c94ef%3A0xd51f060bd9ce0532!2sLa%20Cerise%20sur%20le%20Cochon%20-%20La%20Boutique!5e0!3m2!1sfr!2sfr!4v1722699870965!5m2!1sfr!2sfr\" width=\"600\" height=\"450\" style=\"border:0;\" allowfullscreen=\"\" loading=\"lazy\" referrerpolicy=\"no-referrer-when-downgrade\"><\/iframe>\n\n<p><\/p>\n\n<p><strong><u>La Conserverie<\/u><\/strong><\/p>\n\n\n\n<p>Adresse : 15 Grande rue<br>(\u00e0 c\u00f4t\u00e9 de l&rsquo;office de tourisme)<br>58700 Pr\u00e9mery<\/p>\n\n\n\n<p>Ni\u00e8vre &#8211; Bourgogne<\/p>\n\n\n\n\n<!-- iframe plugin v.6.0 wordpress.org\/plugins\/iframe\/ -->\n<iframe loading=\"lazy\" style=\"border: 0;\" src=\"https:\/\/www.google.com\/maps\/embed?pb=!1m18!1m12!1m3!1d2712.07909371624!2d3.328935315615633!3d47.1758879791585!2m3!1f0!2f0!3f0!3m2!1i1024!2i768!4f13.1!3m3!1m2!1s0x47f0335caec9f245%3A0xc1e044856ffd2af1!2sLa+Cerise+sur+le+Cochon+(Delphine+et+Pascal+Leballeur)!5e0!3m2!1sfr!2sfr!4v1548415311229\" width=\"600\" height=\"450\" frameborder=\"0\" allowfullscreen=\"allowfullscreen\" scrolling=\"yes\" class=\"iframe-class\"><\/iframe>\n\n","protected":false},"excerpt":{"rendered":"<p>Delphine et Pascal LEBALLEUR contact@lacerisesurlecochon.fr T\u00e9l\u00e9phone : 06 52 20 04 71 La Boutique Adresse : 37 Grande rue58130 Gu\u00e9rigny Ni\u00e8vre &#8211; Bourgogne Horaires d&rsquo;ouverture : Jeudi : 15h \u00e0 19h Vendredi : 9h30 \u00e0 12h30 et 15h \u00e0 19h Samedi : 9h30 \u00e0 12h30 et 15h \u00e0 19h La Conserverie Adresse : 15 Grande [&hellip;]<\/p>\n","protected":false},"author":1,"featured_media":0,"parent":0,"menu_order":0,"comment_status":"closed","ping_status":"closed","template":"","meta":{"footnotes":""},"class_list":["post-20","page","type-page","status-publish","hentry"],"_links":{"self":[{"href":"https:\/\/www.lacerisesurlecochon.fr\/index.php\/wp-json\/wp\/v2\/pages\/20","targetHints":{"allow":["GET"]}}],"collection":[{"href":"https:\/\/www.lacerisesurlecochon.fr\/index.php\/wp-json\/wp\/v2\/pages"}],"about":[{"href":"https:\/\/www.lacerisesurlecochon.fr\/index.php\/wp-json\/wp\/v2\/types\/page"}],"author":[{"embeddable":true,"href":"https:\/\/www.lacerisesurlecochon.fr\/index.php\/wp-json\/wp\/v2\/users\/1"}],"replies":[{"embeddable":true,"href":"https:\/\/www.lacerisesurlecochon.fr\/index.php\/wp-json\/wp\/v2\/comments?post=20"}],"version-history":[{"count":30,"href":"https:\/\/www.lacerisesurlecochon.fr\/index.php\/wp-json\/wp\/v2\/pages\/20\/revisions"}],"predecessor-version":[{"id":760,"href":"https:\/\/www.lacerisesurlecochon.fr\/index.php\/wp-json\/wp\/v2\/pages\/20\/revisions\/760"}],"wp:attachment":[{"href":"https:\/\/www.lacerisesurlecochon.fr\/index.php\/wp-json\/wp\/v2\/media?parent=20"}],"curies":[{"name":"wp","href":"https:\/\/api.w.org\/{rel}","templated":true}]}}