{"id":285,"date":"2020-10-05T09:32:48","date_gmt":"2020-10-05T07:32:48","guid":{"rendered":"https:\/\/www.lacerisesurlecochon.fr\/?page_id=285"},"modified":"2020-11-02T12:44:48","modified_gmt":"2020-11-02T11:44:48","slug":"mentions-legales","status":"publish","type":"page","link":"https:\/\/www.lacerisesurlecochon.fr\/index.php\/mentions-legales\/","title":{"rendered":"Mentions l\u00e9gales"},"content":{"rendered":"<h2>1 &#8211; \u00c9dition du site<\/h2>\n<p>En vertu de&nbsp;<a href=\"https:\/\/www.legifrance.gouv.fr\/affichTexte.do?cidTexte=JORFTEXT000000801164#LEGIARTI000042038977\" target=\"_blank\" rel=\"noreferrer noopener\">l&rsquo;article 6 de la loi n\u00b0 2004-575 du 21 juin 2004<\/a>&nbsp;pour la confiance dans l&rsquo;\u00e9conomie num\u00e9rique, il est pr\u00e9cis\u00e9 aux utilisateurs du site internet&nbsp;<a href=\"https:\/\/www.lacerisesurlecochon.fr\/\">https:\/\/www.lacerisesurlecochon.fr<\/a>&nbsp;l&rsquo;identit\u00e9 des diff\u00e9rents intervenants dans le cadre de sa r\u00e9alisation et de son suivi:<\/p>\n<p><strong>Propri\u00e9taire du site :&nbsp;<\/strong>La Cerise sur le Cochon &#8211; Contact : <a href=\"mailto:contact@lacerisesurlecochon.fr\">contact@lacerisesurlecochon.fr<\/a> &#8211; T\u00e9l : 06 52 20 04 71 &#8211; Adresse : 15 Grande rue 58700 Pr\u00e9mery.<\/p>\n<p><strong>Identification de l&rsquo;entreprise :<\/strong> SAS La Cerise sur le Cochon au capital social de 10 000\u20ac &#8211; SIREN : 819 914 896 &#8211; RM : 819.914.896 RM 58 &#8211; Adresse postale : 15 Grande rue 58700 Pr\u00e9mery.<\/p>\n<p><a href=\"https:\/\/www.lacerisesurlecochon.fr\/index.php\/legal\/\">Conditions G\u00e9n\u00e9rales de Ventes<\/a>.<\/p>\n<p><strong>Directeur de la publication :&nbsp;<\/strong>&#8211; Pascal Leballeur &#8211; <a href=\"mailto:pascal.leballeur@lacerisesurlecochon.fr\">pascal.leballeur@lacerisesurlecochon.fr<\/a><\/p>\n<p><strong>H\u00e9bergeur :<\/strong>&nbsp;OVH SAS &#8211; 2 rue Kellermann &#8211; BP 80157 &#8211; 59053 Roubaix Cedex 1 &#8211; T\u00e9l\u00e9phone : 1007<\/p>\n<p><strong>D\u00e9l\u00e9gu\u00e9 \u00e0 la protection des donn\u00e9es :&nbsp;<\/strong>Pascal Leballeur &#8211; <a href=\"mailto:pascal.leballeur@lacerisesurlecochon.fr\">pascal.leballeur@lacerisesurlecochon.fr<\/a><\/p>\n<p><strong>Autres contributeurs :<\/strong>&nbsp;Les mentions l\u00e9gales sont propos\u00e9es par&nbsp;<a href=\"https:\/\/la-webeuse.com\/generateur-mentions-legales\/\" target=\"_blank\" rel=\"noreferrer noopener\">le g\u00e9n\u00e9rateur de mentions l\u00e9gales de La Webeuse<\/a>.<\/p>\n<h2>2 &#8211; Propri\u00e9t\u00e9 intellectuelle et contrefa\u00e7ons.<\/h2>\n<p><strong>La Cerise sur le Cochon<\/strong>&nbsp;est propri\u00e9taire des droits de propri\u00e9t\u00e9 intellectuelle et d\u00e9tient les droits d\u2019usage sur tous les \u00e9l\u00e9ments accessibles sur le site internet, notamment les textes, images, graphismes, logos, vid\u00e9os, architecture, ic\u00f4nes et sons.<\/p>\n<p>Toute reproduction, repr\u00e9sentation, modification, publication, adaptation de tout ou partie des \u00e9l\u00e9ments du site, quel que soit le moyen ou le proc\u00e9d\u00e9 utilis\u00e9, est interdite, sauf autorisation \u00e9crite pr\u00e9alable de&nbsp;<strong>La Cerise sur le Cochon<\/strong>.<\/p>\n<p>Toute exploitation non autoris\u00e9e du site ou de l\u2019un quelconque des \u00e9l\u00e9ments qu\u2019il contient sera consid\u00e9r\u00e9e comme constitutive d\u2019une contrefa\u00e7on et poursuivie conform\u00e9ment aux dispositions des articles&nbsp;<a href=\"https:\/\/www.legifrance.gouv.fr\/affichCodeArticle.do?idArticle=LEGIARTI000032655082&amp;cidTexte=LEGITEXT000006069414&amp;dateTexte=20160605\" target=\"_blank\" rel=\"noreferrer noopener\">L.335-2 et suivants du Code de Propri\u00e9t\u00e9 Intellectuelle<\/a>.<\/p>\n<h2>3 &#8211; Limitations de responsabilit\u00e9.<\/h2>\n<p><strong>La Cerise sur le Cochon<\/strong>&nbsp;ne pourra \u00eatre tenu pour responsable des dommages directs et indirects caus\u00e9s au mat\u00e9riel de l\u2019utilisateur, lors de l\u2019acc\u00e8s au site&nbsp;<a href=\"https:\/\/www.lacerisesurlecochon.fr\/\">https:\/\/www.lacerisesurlecochon.fr<\/a>.<\/p>\n<p><strong>La Cerise sur le Cochon<\/strong>&nbsp;d\u00e9cline toute responsabilit\u00e9 quant \u00e0 l\u2019utilisation qui pourrait \u00eatre faite des informations et contenus pr\u00e9sents sur&nbsp;<a href=\"https:\/\/www.lacerisesurlecochon.fr\/\">https:\/\/www.lacerisesurlecochon.fr<\/a>.<\/p>\n<p><strong>La Cerise sur le Cochon<\/strong>&nbsp;s\u2019engage \u00e0 s\u00e9curiser au mieux le site&nbsp;<a href=\"https:\/\/www.lacerisesurlecochon.fr\/\">https:\/\/www.lacerisesurlecochon.fr<\/a>, cependant sa responsabilit\u00e9 ne pourra \u00eatre mise en cause si des donn\u00e9es ind\u00e9sirables sont import\u00e9es et install\u00e9es sur son site \u00e0 son insu.<\/p>\n<h2>4 &#8211; CNIL et gestion des donn\u00e9es personnelles.<\/h2>\n<p>Conform\u00e9ment aux dispositions de&nbsp;<a href=\"https:\/\/www.legifrance.gouv.fr\/affichTexte.do?cidTexte=JORFTEXT000000886460\" target=\"_blank\" rel=\"noreferrer noopener\">la loi 78-17 du 6 janvier 1978 modifi\u00e9e<\/a>, l\u2019utilisateur du site&nbsp;<a href=\"https:\/\/www.lacerisesurlecochon.fr\/\">https:\/\/www.lacerisesurlecochon.fr<\/a> dispose d\u2019un droit d\u2019acc\u00e8s, de modification et de suppression des informations collect\u00e9es. Pour exercer ce droit, envoyez un message \u00e0 notre D\u00e9l\u00e9gu\u00e9 \u00e0 la Protection des Donn\u00e9es:&nbsp;<strong>Pascal Leballeur<\/strong>&nbsp;&#8211;&nbsp;<a href=\"mailto:pascal.leballeur@lacerisesurlecochon.fr\"><strong>pascal.leballeur@lacerisesurlecochon.fr<\/strong><\/a>.<\/p>\n<p>Pour plus d&rsquo;informations sur la fa\u00e7on dont <strong>La Cerise sur le Cochon<\/strong> traite les donn\u00e9es collect\u00e9es (type de donn\u00e9es, finalit\u00e9, destinataire&#8230;), la <a href=\"https:\/\/www.lacerisesurlecochon.fr\/index.php\/politique-de-confidentialite\/\">Politique de Confidentialit\u00e9<\/a>&nbsp;est accessible en ligne.<\/p>\n<p>Il est \u00e9galement possible de&nbsp;<a href=\"https:\/\/www.cnil.fr\/fr\/plaintes\" target=\"_blank\" rel=\"noreferrer noopener\">d\u00e9poser une r\u00e9clamation aupr\u00e8s de la CNIL<\/a>.<\/p>\n<h2>5 &#8211; Liens hypertextes et cookies<\/h2>\n<p>Le site&nbsp;<a href=\"http:\/\/https\/\/www.lacerisesurlecochon.fr\">https:\/\/www.lacerisesurlecochon.fr<\/a>&nbsp;contient des liens hypertextes vers d\u2019autres sites et d\u00e9gage toute responsabilit\u00e9 \u00e0 propos de ces liens externes ou des liens cr\u00e9\u00e9s par d\u2019autres sites vers&nbsp;<a href=\"http:\/\/https\/\/www.lacerisesurlecochon.fr\">https:\/\/www.lacerisesurlecochon.fr<\/a>.<\/p>\n<p>La navigation sur le site&nbsp;<a href=\"https:\/\/www.lacerisesurlecochon.fr\/\">https:\/\/www.lacerisesurlecochon.fr<\/a>&nbsp;est susceptible de provoquer l\u2019installation de cookie(s) sur l\u2019ordinateur de l\u2019utilisateur.<\/p>\n<p>Un \u00ab\u00a0cookie\u00a0\u00bb est un fichier de petite taille qui enregistre des informations relatives \u00e0 la navigation d\u2019un utilisateur sur un site. Les donn\u00e9es ainsi obtenues permettent d&rsquo;obtenir des mesures de fr\u00e9quentation, par exemple.<\/p>\n<p>Vous avez la possibilit\u00e9&nbsp;<strong>d\u2019accepter ou de refuser les cookies<\/strong>&nbsp;en modifiant les param\u00e8tres de votre navigateur. Aucun cookie ne sera d\u00e9pos\u00e9 sans votre consentement.<\/p>\n<p>Pour plus d&rsquo;informations sur la fa\u00e7on dont nous faisons usage des cookies et la dur\u00e9e de stockage des cookies, lisez notre <a href=\"https:\/\/www.lacerisesurlecochon.fr\/index.php\/politique-de-cookies-ue\/\">Politique de cookies (UE)<\/a>.<\/p>\n<h2>6 &#8211; Droit applicable et attribution de juridiction.<\/h2>\n<p>Tout litige en relation avec l\u2019utilisation du site&nbsp;<a href=\"https:\/\/www.lacerisesurlecochon.fr\/\">https:\/\/www.lacerisesurlecochon.fr<\/a>&nbsp;est soumis au droit fran\u00e7ais. En dehors des cas o\u00f9 la loi ne le permet pas, il est fait attribution exclusive de juridiction aux tribunaux comp\u00e9tents de&nbsp;<strong>Nevers<\/strong>.<\/p>\n\n\n<p><\/p>\n","protected":false},"excerpt":{"rendered":"<p>1 &#8211; \u00c9dition du site En vertu de&nbsp;l&rsquo;article 6 de la loi n\u00b0 2004-575 du 21 juin 2004&nbsp;pour la confiance dans l&rsquo;\u00e9conomie num\u00e9rique, il est pr\u00e9cis\u00e9 aux utilisateurs du site internet&nbsp;https:\/\/www.lacerisesurlecochon.fr&nbsp;l&rsquo;identit\u00e9 des diff\u00e9rents intervenants dans le cadre de sa r\u00e9alisation et de son suivi: Propri\u00e9taire du site :&nbsp;La Cerise sur le Cochon &#8211; Contact : [&hellip;]<\/p>\n","protected":false},"author":1,"featured_media":0,"parent":0,"menu_order":0,"comment_status":"closed","ping_status":"closed","template":"","meta":{"footnotes":""},"class_list":["post-285","page","type-page","status-publish","hentry"],"_links":{"self":[{"href":"https:\/\/www.lacerisesurlecochon.fr\/index.php\/wp-json\/wp\/v2\/pages\/285","targetHints":{"allow":["GET"]}}],"collection":[{"href":"https:\/\/www.lacerisesurlecochon.fr\/index.php\/wp-json\/wp\/v2\/pages"}],"about":[{"href":"https:\/\/www.lacerisesurlecochon.fr\/index.php\/wp-json\/wp\/v2\/types\/page"}],"author":[{"embeddable":true,"href":"https:\/\/www.lacerisesurlecochon.fr\/index.php\/wp-json\/wp\/v2\/users\/1"}],"replies":[{"embeddable":true,"href":"https:\/\/www.lacerisesurlecochon.fr\/index.php\/wp-json\/wp\/v2\/comments?post=285"}],"version-history":[{"count":6,"href":"https:\/\/www.lacerisesurlecochon.fr\/index.php\/wp-json\/wp\/v2\/pages\/285\/revisions"}],"predecessor-version":[{"id":374,"href":"https:\/\/www.lacerisesurlecochon.fr\/index.php\/wp-json\/wp\/v2\/pages\/285\/revisions\/374"}],"wp:attachment":[{"href":"https:\/\/www.lacerisesurlecochon.fr\/index.php\/wp-json\/wp\/v2\/media?parent=285"}],"curies":[{"name":"wp","href":"https:\/\/api.w.org\/{rel}","templated":true}]}}