{"id":3,"date":"2020-02-04T16:57:16","date_gmt":"2020-02-04T15:57:16","guid":{"rendered":"http:\/\/wp.lacerisesurlecochon.fr\/?page_id=3"},"modified":"2020-11-02T12:45:19","modified_gmt":"2020-11-02T11:45:19","slug":"politique-de-confidentialite","status":"publish","type":"page","link":"https:\/\/www.lacerisesurlecochon.fr\/index.php\/politique-de-confidentialite\/","title":{"rendered":"Politique de confidentialit\u00e9"},"content":{"rendered":"\n<p><\/p>\n\n\n<h3><strong>PR\u00c9AMBULE<\/strong><\/h3>\n<p>Cette politique de confidentialit\u00e9 s\u2019applique au site : <a href=\"https:\/\/www.lacerisesurlecochon.fr\">https:\/\/www.lacerisesurlecochon.fr<\/a>.<\/p>\n<p>La pr\u00e9sente politique de confidentialit\u00e9 a pour but d&rsquo;exposer aux utilisateurs du site :<\/p>\n<ul>\n<li>Le type et la mani\u00e8re dont sont collect\u00e9es et trait\u00e9es leurs donn\u00e9es \u00e0 caract\u00e8re personnel. Sont consid\u00e9r\u00e9es comme donn\u00e9es personnelles toutes les donn\u00e9es \u00e9tant susceptibles d&rsquo;identifier un utilisateur. Il s&rsquo;agit notamment du pr\u00e9nom et du nom, de l&rsquo;adresse postale, l&rsquo;adresse mail, du num\u00e9ro de t\u00e9l\u00e9phone&#8230;<\/li>\n<li>Quels sont les droits des utilisateurs concernant ces donn\u00e9es ;<\/li>\n<li>Qui est responsable du traitement des donn\u00e9es \u00e0 caract\u00e8re personnel collect\u00e9es et trait\u00e9es ;<\/li>\n<li>A qui ces donn\u00e9es sont transmises;<\/li>\n<li>La politique du site en mati\u00e8re de fichiers &lsquo;cookies&rsquo;.<\/li>\n<\/ul>\n<p>Cette politique de confidentialit\u00e9 compl\u00e8te les mentions l\u00e9gales et les Conditions G\u00e9n\u00e9rales de Vente que les utilisateurs peuvent consulter aux adresses ci-apr\u00e8s :<\/p>\n<p><a href=\"https:\/\/www.lacerisesurlecochon.fr\/index.php\/mentions-legales\/\">https:\/\/www.lacerisesurlecochon.fr\/index.php\/mentions-legales\/<\/a><\/p>\n<p><a href=\"https:\/\/www.lacerisesurlecochon.fr\/index.php\/legal\/\">https:\/\/www.lacerisesurlecochon.fr\/index.php\/legal\/<\/a><\/p>\n<p><\/p>\n<h3><strong>PRINCIPES RESPECTES EN MATI\u00c8RE DE COLLECTE ET DE TRAITEMENT DE DONN\u00c9ES<\/strong><\/h3>\n<p>Conform\u00e9ment aux dispositions de l&rsquo;article 5 du R\u00e8glement europ\u00e9en 2016\/679, la collecte et le traitement des donn\u00e9es des utilisateurs du site respectent les principes suivants :<\/p>\n<ul>\n<li>Lic\u00e9it\u00e9, loyaut\u00e9 et transparence : les donn\u00e9es sont collect\u00e9es et trait\u00e9es qu&rsquo;avec le consentement de l&rsquo;utilisateur propri\u00e9taire des donn\u00e9es. A chaque fois que des donn\u00e9es \u00e0 caract\u00e8re personnel sont collect\u00e9es, il est indiqu\u00e9 \u00e0 l&rsquo;utilisateur que ses donn\u00e9es sont collect\u00e9es, et pour quelles raisons ses donn\u00e9es sont collect\u00e9es ;<\/li>\n<li>Finalit\u00e9s limit\u00e9es : la collecte et le traitement des donn\u00e9es sont ex\u00e9cut\u00e9s pour r\u00e9pondre aux objectifs d\u00e9termin\u00e9s dans les <a href=\"https:\/\/www.lacerisesurlecochon.fr\/index.php\/legal\/\">Conditions G\u00e9n\u00e9rales de Ventes<\/a> et ci-apr\u00e8s;<\/li>\n<li>Minimisation de la collecte et du traitement des donn\u00e9es : seules les donn\u00e9es n\u00e9cessaires \u00e0 la bonne ex\u00e9cution des objectifs poursuivis par le site sont collect\u00e9es ;<\/li>\n<li>Conservation des donn\u00e9es r\u00e9duites dans le temps : les donn\u00e9es sont conserv\u00e9es pour une dur\u00e9e de 2 ans ;<\/li>\n<li>Int\u00e9grit\u00e9 et confidentialit\u00e9 des donn\u00e9es collect\u00e9es et trait\u00e9es : le responsable du traitement des donn\u00e9es s&rsquo;engage \u00e0 faire le maximum pour garantir l&rsquo;int\u00e9grit\u00e9 et la confidentialit\u00e9 des donn\u00e9es collect\u00e9es.<\/li>\n<\/ul>\n<p>Afin d&rsquo;\u00eatre licites, et ce conform\u00e9ment aux exigences de l&rsquo;article 6 du r\u00e8glement europ\u00e9en 2016\/679, la collecte et le traitement des donn\u00e9es \u00e0 caract\u00e8re personnel interviennent dans le respect des conditions ci-apr\u00e8s \u00e9num\u00e9r\u00e9es :<\/p>\n<ul>\n<li>L&rsquo;utilisateur a express\u00e9ment consenti au traitement ;<\/li>\n<li>Le traitement est n\u00e9cessaire \u00e0 la bonne ex\u00e9cution de la livraison des produits command\u00e9s sur le site.<\/li>\n<\/ul>\n<h3><strong>DONN\u00c9ES \u00c0 CARACT\u00c8RE PERSONNEL COLLECT\u00c9ES ET TRAIT\u00c9ES DANS LE CADRE DE <\/strong><strong>LA NAVIGATION SUR LE SITE<\/strong><\/h3>\n<p><strong>A. DONN\u00c9ES COLLECT\u00c9ES ET TRAIT\u00c9ES ET MODE DE COLLECTE<\/strong><\/p>\n<p>Les donn\u00e9es \u00e0 caract\u00e8re personnel collect\u00e9es sur le site La Cerise sur le Cochon sont les suivantes :<\/p>\n<ul>\n<li>Pr\u00e9nom<\/li>\n<li>Nom<\/li>\n<li>Nom affich\u00e9 sur le site<\/li>\n<li>Pseudonyme<\/li>\n<li>Nom de l&rsquo;entreprise (facultatif)<\/li>\n<li>Adresse de messagerie<\/li>\n<li>Adresse de livraison<\/li>\n<li>Adresse de facturation<\/li>\n<li>Num\u00e9ro de t\u00e9l\u00e9phone&nbsp;<\/li>\n<li>Adresse IP<\/li>\n<\/ul>\n<p>Ces donn\u00e9es sont collect\u00e9es lorsque l&rsquo;utilisateur effectue l&rsquo;une des op\u00e9rations suivantes sur le site :<\/p>\n<ul>\n<li>achat en ligne de produits<\/li>\n<\/ul>\n<p>Par ailleurs, lors d&rsquo;un paiement sur le site, il sera conserv\u00e9 dans les syst\u00e8mes informatiques de La Cerise sur le Cochon une preuve de la transaction comprenant le bon de commande et la facture.<\/p>\n<p>La Cerise sur le Cochon conservera dans les syst\u00e8mes informatiques du site et dans des conditions raisonnables de s\u00e9curit\u00e9 l&rsquo;ensemble des donn\u00e9es collect\u00e9es pour une dur\u00e9e de 2 ans.<\/p>\n<p>La collecte et le traitement des donn\u00e9es r\u00e9pondent aux finalit\u00e9s suivantes :<\/p>\n<ul>\n<li>traiter et exp\u00e9dier les commandes r\u00e9alis\u00e9es par les clients<\/li>\n<\/ul>\n<p><strong>B. TRANSMISSION DES DONN\u00c9ES A DES TIERS<\/strong><\/p>\n<p>Les donn\u00e9es \u00e0 caract\u00e8re personnel collect\u00e9es par le site ne sont transmises aux tiers suivants :<\/p>\n<ul>\n<li><strong>Stripe<\/strong> pour le paiement par carte bancaire (adresse de messagerie, nom, pr\u00e9nom) ;<\/li>\n<li><strong>Paypal<\/strong> pour le paiement via le syst\u00e8me Paypal (adresse de messagerie) ;<\/li>\n<li><strong>Boxtal<\/strong> pour g\u00e9rer l&rsquo;exp\u00e9dition en Point Relais des produits command\u00e9s (adresse de messagerie, nom, pr\u00e9nom, adresse postale, num\u00e9ro de t\u00e9l\u00e9phone).<\/li>\n<\/ul>\n<p><strong>C. H\u00c9BERGEMENT DES DONN\u00c9ES<\/strong><\/p>\n<p>Le site La Cerise sur le Cochon est h\u00e9berg\u00e9 par : OVH, dont le si\u00e8ge est situ\u00e9 \u00e0 l&rsquo;adresse ci-apr\u00e8s :<\/p>\n<p>2 rue Kellermann &#8211; 59100 Roubaix &#8211; France<\/p>\n<p>L&rsquo;h\u00e9bergeur peut \u00eatre contact\u00e9 au num\u00e9ro de t\u00e9l\u00e9phone suivant : 1007.<\/p>\n<p>Les donn\u00e9es collect\u00e9es et trait\u00e9es par le site sont exclusivement h\u00e9berg\u00e9es et trait\u00e9es en France.<\/p>\n<p><\/p>\n<h3><strong>RESPONSABLE DU TRAITEMENT DES DONN\u00c9ES<\/strong><\/h3>\n<p><strong>A. LE RESPONSABLE DU TRAITEMENT DES DONN\u00c9ES<\/strong><\/p>\n<p>Le responsable du traitement des donn\u00e9es \u00e0 caract\u00e8re personnel est : Pascal Leballeur. Il peut \u00eatre contact\u00e9 par messagerie : <a href=\"mailto:pascal.Ieballeur@lacerisesurlecochon.fr\">pascal.Ieballeur@lacerisesurlecochon.fr<\/a><\/p>\n<p>Le responsable du traitement des donn\u00e9es est charg\u00e9 de d\u00e9terminer les finalit\u00e9s et les moyens mis au service du traitement des donn\u00e9es \u00e0 caract\u00e8re personnel.<\/p>\n<p><strong>B. OBLIGATIONS DU RESPONSABLE DU TRAITEMENT DES DONN\u00c9ES<\/strong><\/p>\n<p>Le responsable du traitement s&rsquo;engage \u00e0 prot\u00e9ger les donn\u00e9es \u00e0 caract\u00e8re personnel collect\u00e9es, \u00e0 ne pas les transmettre \u00e0 des tiers sans que l\u2019utilisateur n&rsquo;en ait \u00e9t\u00e9 inform\u00e9 et \u00e0 respecter les finalit\u00e9s pour lesquelles ces donn\u00e9es ont \u00e9t\u00e9 collect\u00e9es.<\/p>\n<p>Le site dispose d&rsquo;un certificat SSL afin de garantir que les informations et le transfert des donn\u00e9es transitant par le site sont s\u00e9curis\u00e9s.<\/p>\n<p>Un certificat SSL (\u00ab\u00a0Secure Socket Layer Certificate) a pour but de s\u00e9curiser les donn\u00e9es \u00e9chang\u00e9es entre l&rsquo;utilisateur et le site.<\/p>\n<p>Un pare-feu applicatif est activ\u00e9 par l&rsquo;h\u00e9bergeur afin de prot\u00e9ger le site contre les tentatives d&rsquo;intrusion.<\/p>\n<p>Les composants du site sont mis \u00e0 jour r\u00e9guli\u00e8rement afin de corriger les failles de s\u00e9curit\u00e9 de ces derniers.<\/p>\n<p>De plus, le responsable du traitement des donn\u00e9es s&rsquo;engage \u00e0 notifier l&rsquo;utilisateur en cas de rectification ou de suppression des donn\u00e9es, \u00e0 moins que cela n&rsquo;entra\u00eene pour lui des formalit\u00e9s, co\u00fbts et d\u00e9marches disproportionn\u00e9s.<\/p>\n<p>Dans le cas o\u00f9 l&rsquo;int\u00e9grit\u00e9, la confidentialit\u00e9 ou la s\u00e9curit\u00e9 des donn\u00e9es \u00e0 caract\u00e8re personnel de l&rsquo;utilisateur est compromise, le responsable du traitement s\u2019engage \u00e0 informer l&rsquo;utilisateur par tout moyen.<\/p>\n<p><\/p>\n<h3><strong>DROITS DE L&rsquo;UTILISATEUR<\/strong><\/h3>\n<p>Conform\u00e9ment \u00e0 la r\u00e9glementation concernant le traitement des donn\u00e9es \u00e0 caract\u00e8re personnel, l&rsquo;utilisateur poss\u00e8de les droits ci-apr\u00e8s \u00e9num\u00e9r\u00e9s.<\/p>\n<p>Afin que le responsable du traitement des donn\u00e9es fasse droit \u00e0 sa demande, l&rsquo;utilisateur est tenu de lui communiquer ses pr\u00e9nom et nom ainsi que son adresse e-mail, et si cela est n\u00e9cessaire, son nom d&rsquo;espace personnel.<\/p>\n<p>Le responsable du traitement des donn\u00e9es r\u00e9pondra \u00e0 l&rsquo;utilisateur dans un d\u00e9lai de 30 (trente) jours maximum.<\/p>\n<p><strong>A. PR\u00c9SENTATION DES DROITS DE LUTILISATEUR EN MATI\u00c8RE DE COLLECTE ET TRAITEMENT DE DONN\u00c9ES<\/strong><\/p>\n<p><em>a. Droit d&rsquo;acc\u00e8s, de rectification et droit \u00e0 l&rsquo;effacement<\/em><br>L&rsquo;utilisateur peut prendre connaissance, mettre \u00e0 jour, modifier ou demander la suppression des donn\u00e9es le concernant, en respectant la proc\u00e9dure ci-apr\u00e8s \u00e9nonc\u00e9e :<\/p>\n<p style=\"padding-left: 40px;\">L&rsquo;utilisateur doit envoyer un e-mail au responsable du traitement des donn\u00e9es personnelles, en pr\u00e9cisant l\u2019objet de sa demande et en utilisant l\u2019adresse e-mail : <a href=\"mailto:pascal.leballeur@lacerisesurlecochon.fr\">pascal.leballeur@lacerisesurlecochon.fr<\/a><\/p>\n<p>S&rsquo;il en poss\u00e8de un, l&rsquo;utilisateur a le droit de demander la suppression de son espace personnel en suivant la proc\u00e9dure suivante :<\/p>\n<p style=\"padding-left: 40px;\">L&rsquo;utilisateur doit envoyer un e-mail au responsable de traitement des donn\u00e9es, en pr\u00e9cisant son identifiant d\u2019espace personnel ou en utilisant la page \u00ab\u00a0<a href=\"https:\/\/www.lacerisesurlecochon.fr\/index.php\/export-suppression-de-vos-donnee-personnelles\/\">Export \/ Suppression de vos donn\u00e9es personnelles<\/a>\u00a0\u00bb accessible sur le site. La demande de suppression des donn\u00e9es sera trait\u00e9e dans un d\u00e9lai de 30 jours ouvr\u00e9s.<\/p>\n<p><em>b. Droit \u00e0 l&rsquo;export des donn\u00e9es<\/em><br>L&rsquo;utilisateur a le droit de demander l&rsquo;export de ses donn\u00e9es personnelles, d\u00e9tenues par le site en se conformant \u00e0 la proc\u00e9dure ci-apr\u00e8s :<\/p>\n<p style=\"padding-left: 40px;\">L&rsquo;utilisateur doit faire une demande d&rsquo;export de ses donn\u00e9es personnelles aupr\u00e8s du responsable du traitement des donn\u00e9es, en envoyant un e-mail \u00e0 : <a href=\"mailto:pascal.leballeur@lacerisesurlecochon.fr\">pascal.leballeur@lacerisesurlecochon.fr <\/a>ou en utilisant la page \u00ab\u00a0<a href=\"https:\/\/www.lacerisesurlecochon.fr\/index.php\/export-suppression-de-vos-donnee-personnelles\/\">Export \/ Suppression de vos donn\u00e9es personnelles<\/a>\u00a0\u00bb accessible sur le site.<\/p>\n<p><em>c. Droit \u00e0 la limitation et \u00e0 l&rsquo;opposition du traitement des donn\u00e9es<\/em><br>L&rsquo;utilisateur a le droit de demander la limitation ou de s\u2019opposer au traitement de ses donn\u00e9es par le site, sans que le site ne puisse refuser, sauf \u00e0 d\u00e9montrer l\u2019existence de motifs l\u00e9gitimes et imp\u00e9rieux, pouvant pr\u00e9valoir sur les int\u00e9r\u00eats et les droits et libert\u00e9s de l&rsquo;utilisateur.<br>Afin de demander la limitation du traitement de ses donn\u00e9es ou de formuler une opposition au traitement de ses donn\u00e9es, l\u2019utilisateur doit suivre la proc\u00e9dure suivante :<\/p>\n<p style=\"padding-left: 40px;\">L&rsquo;utilisateur doit faire une demande de limitation au traitement de ses donn\u00e9es personnelles aupr\u00e8s du responsable du traitement des donn\u00e9es, en envoyant un e-mail \u00e0 : <a href=\"mailto:pascal.leballeur@lacerisesurlecochon.fr\">pascal.leballeur@lacerisesurlecochon.fr<\/a><\/p>\n<p><em>d. Droit de ne pas faire l&rsquo;objet d&rsquo;une d\u00e9cision fond\u00e9e exclusivement sur un proc\u00e9d\u00e9 automatis\u00e9<\/em><br>Conform\u00e9ment aux dispositions du r\u00e8glement 2016\/679, l&rsquo;utilisateur a le droit de ne pas faire l\u2019objet d&rsquo;une d\u00e9cision fond\u00e9e exclusivement sur un proc\u00e9d\u00e9 automatis\u00e9 si la d\u00e9cision produit des effets juridiques le concernant, ou l&rsquo;affecte de mani\u00e8re significative de fa\u00e7on similaire.<\/p>\n<p><em>e. Droit de d\u00e9terminer le sort des donn\u00e9es apr\u00e8s la mort<\/em><br>Il est rappel\u00e9 \u00e0 l&rsquo;utilisateur qu&rsquo;il peut organiser quel doit \u00eatre le devenir de ses donn\u00e9es collect\u00e9es et trait\u00e9es s&rsquo;il d\u00e9c\u00e8de, conform\u00e9ment \u00e0 la loi n\u00b02016-1321 du 7 octobre 2016.<\/p>\n<p><em>f. Droit de saisir l&rsquo;autorit\u00e9 de contr\u00f4le comp\u00e9tente<\/em><br>Dans le cas o\u00f9 le responsable du traitement des donn\u00e9es d\u00e9cide de ne pas r\u00e9pondre \u00e0 la demande de l&rsquo;utilisateur, et que l&rsquo;utilisateur souhaite contester cette d\u00e9cision, ou, s&rsquo;il pense qu&rsquo;il est port\u00e9 atteinte \u00e0 l&rsquo;un des droits \u00e9num\u00e9r\u00e9s ci-dessus, il est en droit de saisir la CNIL (Commission Nationale de l&rsquo;informatique et des Libert\u00e9s, <a href=\"https:\/\/www.cnil.fr\" target=\"_blank\" rel=\"noopener\">https:\/\/www.cnil.fr<\/a>) ou tout juge comp\u00e9tent.<\/p>\n<p><strong>B. DONN\u00c9ES PERSONNELLES DES PERSONNES MINEURES<\/strong><\/p>\n<p>Conform\u00e9ment aux dispositions de l&rsquo;article 8 du r\u00e8glement europ\u00e9en 2016\/679 et \u00e0 la loi Informatique et Libert\u00e9s, seuls les mineurs \u00e2g\u00e9s de 15 ans ou plus peuvent consentir au traitement de leurs donn\u00e9es personnelles.<br>Si l&rsquo;utilisateur est un mineur de moins de 15 ans, l&rsquo;accord d&rsquo;un repr\u00e9sentant l\u00e9gal sera requis afin que des donn\u00e9es \u00e0 caract\u00e8re personnel puissent \u00eatre collect\u00e9es et trait\u00e9es.<br>L&rsquo;\u00e9diteur du site se r\u00e9serve le droit de v\u00e9rifier par tout moyen que l&rsquo;utilisateur est \u00e2g\u00e9 de plus de 15 ans, ou qu&rsquo;il aura obtenu l&rsquo;accord d&rsquo;un repr\u00e9sentant l\u00e9gal avant de naviguer sur le site.<\/p>\n<p><\/p>\n<h3><strong>UTILISATION DES FICHIERS \u00ab\u00a0COOKIES\u00a0\u00bb<\/strong><\/h3>\n<p>Le site a recours aux techniques de \u00ab\u00a0cookies\u00a0\u00bb.<br>Un \u00ab\u00a0cookie\u00a0\u00bb est un fichier de petite taille (moins de 4 ko), stock\u00e9 par le site sur le disque dur de l&rsquo;utilisateur, contenant des informations relatives aux habitudes de navigation de l&rsquo;utilisateur.<br>Ces fichiers lui permettent de traiter des statistiques et des informations sur le trafic, de faciliter la navigation et d&rsquo;am\u00e9liorer le service pour le confort de l&rsquo;utilisateur.<br>Pour l&rsquo;utilisation de fichiers \u00ab\u00a0cookies\u00a0\u00bb impliquant la sauvegarde et l&rsquo;analyse de donn\u00e9es \u00e0 caract\u00e8re personnel, le consentement de l&rsquo;utilisateur est n\u00e9cessairement demand\u00e9.<br>Ce consentement de l&rsquo;utilisateur est consid\u00e9r\u00e9 comme valide pour une dur\u00e9e de 13 (treize) mois maximum. A l&rsquo;issue de cette p\u00e9riode, le site demandera \u00e0 nouveau l&rsquo;autorisation de l&rsquo;utilisateur pour enregistrer des fichiers \u00ab\u00a0cookies\u00a0\u00bb sur son disque dur.<\/p>\n<p><em>a. Opposition de l&rsquo;utilisateur \u00e0 l&rsquo;utilisation de fichiers \u00ab\u00a0cookies\u00a0\u00bb par le site<\/em><br>Il est port\u00e9 \u00e0 la connaissance de l&rsquo;utilisateur qu&rsquo;il peut s&rsquo;opposer \u00e0 l&rsquo;enregistrement de ces fichiers \u00ab\u00a0cookies\u00a0\u00bb en configurant son logiciel de navigation.<br>Pour information, l&rsquo;utilisateur peut trouver aux adresses suivantes les d\u00e9marches \u00e0 suivre afin de configurer son logiciel de navigation pour s&rsquo;opposer \u00e0 l&rsquo;enregistrement des fichiers \u00ab\u00a0cookies\u00a0\u00bb :<\/p>\n<ul>\n<li>Chrome : https:\/\/support.google.com\/accounts\/answer\/614167hhfr<\/li>\n<li>Firefox : https:\/\/support.mozilla.org\/fr\/kb\/enable-and-disable-cookies-website-preferences<\/li>\n<li>Safari : http:\/\/www.apple.com\/legal\/privacy\/fr-ww\/<\/li>\n<li>Internet Explorer : https:\/\/support.microsoft.eom\/fr-fr\/help\/17442\/windows-internet-explorer-delete-manage-cookies<\/li>\n<li>Op\u00e9ra : http:\/\/www.opera.com\/help\/tutorials\/security\/cookies\/<\/li>\n<\/ul>\n<p>Dans le cas o\u00f9 l&rsquo;utilisateur d\u00e9cide de d\u00e9sactiver les fichiers \u00ab\u00a0cookies\u00a0\u00bb, il pourra poursuivre sa navigation sur le site. Toutefois, tout dysfonctionnement du site provoqu\u00e9 par cette manipulation ne pourrait \u00eatre consid\u00e9r\u00e9 comme \u00e9tant du fait de La Cerise sur le Cochon.<\/p>\n<p><em>b. Description des fichiers \u00ab\u00a0cookies\u00a0\u00bb utilis\u00e9s parle site<\/em><br>La Cerise sur le Cochon attire l&rsquo;attention de l&rsquo;utilisateur sur le fait que les cookies suivants sont utilis\u00e9s lors de sa navigation :<br>&nbsp; &nbsp; &nbsp; &nbsp; &nbsp; &nbsp; &nbsp;liste des cookies fournie sur notre page \u00ab\u00a0<a href=\"https:\/\/www.lacerisesurlecochon.fr\/index.php\/politique-de-cookies-ue\/\">Politique de cookies (UE)<\/a>\u00ab\u00a0<br>En naviguant sur le site, il est port\u00e9 \u00e0 connaissance de l&rsquo;utilisateur que des fichiers \u00ab\u00a0cookies\u00a0\u00bb de tiers peuvent \u00eatre enregistr\u00e9s.<br>Il s&rsquo;agit plus particuli\u00e8rement des tiers suivants :<\/p>\n<ul>\n<li>Google<\/li>\n<li>Paypal<\/li>\n<\/ul>\n<p>De plus, le site int\u00e8gre des boutons de r\u00e9seaux sociaux, permettant \u00e0 l&rsquo;utilisateur de partager son activit\u00e9 sur le site. Des fichiers \u00ab\u00a0cookies\u00a0\u00bb de ces r\u00e9seaux sociaux sont par cons\u00e9quent susceptibles d&rsquo;\u00eatre stock\u00e9s sur l&rsquo;ordinateur de l&rsquo;utilisateur lorsqu&rsquo;il utilise ces fonctionnalit\u00e9s.<br>L&rsquo;attention de l&rsquo;utilisateur est port\u00e9e sur le fait que ces sites disposent de politiques de confidentialit\u00e9 propres et de conditions g\u00e9n\u00e9rales d&rsquo;utilisation possiblement diff\u00e9rentes du site. La Cerise sur le Cochon invite les utilisateurs \u00e0 consulter les politiques de confidentialit\u00e9 et les conditions g\u00e9n\u00e9rales d&rsquo;utilisation de ces sites.<\/p>\n<p><\/p>\n<h3><strong>CONDITIONS DE MODIFICATION DE LA POLITIQUE DE CONFIDENTIALIT\u00c9<\/strong><\/h3>\n<p>La Cerise sur le Cochon se r\u00e9serve le droit de modifier la pr\u00e9sente politique de confidentialit\u00e9 afin de garantir sa conformit\u00e9 avec le droit en vigueur.<br>Par cons\u00e9quent, l&rsquo;utilisateur est invit\u00e9 \u00e0 venir consulter r\u00e9guli\u00e8rement cette politique de confidentialit\u00e9 afin de se tenir inform\u00e9 des derniers changements qui lui seront apport\u00e9s.<br>Il est port\u00e9 \u00e0 la connaissance de l&rsquo;utilisateur que la derni\u00e8re mise \u00e0 jour de la pr\u00e9sente politique de confidentialit\u00e9 est intervenue le : 19\/10\/2020.<\/p>\n\n\n<p><\/p>\n","protected":false},"excerpt":{"rendered":"<p>PR\u00c9AMBULE Cette politique de confidentialit\u00e9 s\u2019applique au site : https:\/\/www.lacerisesurlecochon.fr. La pr\u00e9sente politique de confidentialit\u00e9 a pour but d&rsquo;exposer aux utilisateurs du site : Le type et la mani\u00e8re dont sont collect\u00e9es et trait\u00e9es leurs donn\u00e9es \u00e0 caract\u00e8re personnel. Sont consid\u00e9r\u00e9es comme donn\u00e9es personnelles toutes les donn\u00e9es \u00e9tant susceptibles d&rsquo;identifier un utilisateur. Il s&rsquo;agit notamment [&hellip;]<\/p>\n","protected":false},"author":1,"featured_media":0,"parent":0,"menu_order":0,"comment_status":"closed","ping_status":"open","template":"","meta":{"footnotes":""},"class_list":["post-3","page","type-page","status-publish","hentry"],"_links":{"self":[{"href":"https:\/\/www.lacerisesurlecochon.fr\/index.php\/wp-json\/wp\/v2\/pages\/3","targetHints":{"allow":["GET"]}}],"collection":[{"href":"https:\/\/www.lacerisesurlecochon.fr\/index.php\/wp-json\/wp\/v2\/pages"}],"about":[{"href":"https:\/\/www.lacerisesurlecochon.fr\/index.php\/wp-json\/wp\/v2\/types\/page"}],"author":[{"embeddable":true,"href":"https:\/\/www.lacerisesurlecochon.fr\/index.php\/wp-json\/wp\/v2\/users\/1"}],"replies":[{"embeddable":true,"href":"https:\/\/www.lacerisesurlecochon.fr\/index.php\/wp-json\/wp\/v2\/comments?post=3"}],"version-history":[{"count":28,"href":"https:\/\/www.lacerisesurlecochon.fr\/index.php\/wp-json\/wp\/v2\/pages\/3\/revisions"}],"predecessor-version":[{"id":375,"href":"https:\/\/www.lacerisesurlecochon.fr\/index.php\/wp-json\/wp\/v2\/pages\/3\/revisions\/375"}],"wp:attachment":[{"href":"https:\/\/www.lacerisesurlecochon.fr\/index.php\/wp-json\/wp\/v2\/media?parent=3"}],"curies":[{"name":"wp","href":"https:\/\/api.w.org\/{rel}","templated":true}]}}