{"id":397,"date":"2021-04-06T16:11:32","date_gmt":"2021-04-06T14:11:32","guid":{"rendered":"https:\/\/www.lacerisesurlecochon.fr\/?page_id=397"},"modified":"2025-07-23T14:02:50","modified_gmt":"2025-07-23T12:02:50","slug":"on-parle-de-nous","status":"publish","type":"page","link":"https:\/\/www.lacerisesurlecochon.fr\/index.php\/on-parle-de-nous\/","title":{"rendered":"\u00ab\u00a0On parle de nous&#8230;\u00a0\u00bb"},"content":{"rendered":"\n<h3 class=\"wp-block-heading\"><strong>Retrouvez &#8211; nous dans la presse ou dans les guides touristiques !<\/strong><\/h3>\n\n\n<div class=\"wp-block-image\">\n<figure class=\"aligncenter size-large is-resized\"><img loading=\"lazy\" decoding=\"async\" width=\"1024\" height=\"853\" src=\"https:\/\/www.lacerisesurlecochon.fr\/wp-content\/uploads\/2025\/07\/80E-200g-FG-Ratafia-Camp-Chevreuil-120g-StJacq-RECADRE-1024x853.jpg\" alt=\"\" class=\"wp-image-841\" style=\"width:328px;height:auto\" srcset=\"https:\/\/www.lacerisesurlecochon.fr\/wp-content\/uploads\/2025\/07\/80E-200g-FG-Ratafia-Camp-Chevreuil-120g-StJacq-RECADRE-1024x853.jpg 1024w, https:\/\/www.lacerisesurlecochon.fr\/wp-content\/uploads\/2025\/07\/80E-200g-FG-Ratafia-Camp-Chevreuil-120g-StJacq-RECADRE-300x250.jpg 300w, https:\/\/www.lacerisesurlecochon.fr\/wp-content\/uploads\/2025\/07\/80E-200g-FG-Ratafia-Camp-Chevreuil-120g-StJacq-RECADRE-768x640.jpg 768w, https:\/\/www.lacerisesurlecochon.fr\/wp-content\/uploads\/2025\/07\/80E-200g-FG-Ratafia-Camp-Chevreuil-120g-StJacq-RECADRE-1536x1280.jpg 1536w, https:\/\/www.lacerisesurlecochon.fr\/wp-content\/uploads\/2025\/07\/80E-200g-FG-Ratafia-Camp-Chevreuil-120g-StJacq-RECADRE-2048x1707.jpg 2048w, https:\/\/www.lacerisesurlecochon.fr\/wp-content\/uploads\/2025\/07\/80E-200g-FG-Ratafia-Camp-Chevreuil-120g-StJacq-RECADRE-416x347.jpg 416w\" sizes=\"auto, (max-width: 1024px) 100vw, 1024px\" \/><\/figure>\n<\/div>\n\n<div class=\"wp-block-image\">\n<figure class=\"alignright size-full is-resized\"><img loading=\"lazy\" decoding=\"async\" width=\"178\" height=\"283\" src=\"https:\/\/www.lacerisesurlecochon.fr\/wp-content\/uploads\/2025\/07\/Petit-Fute-2025.jpg\" alt=\"\" class=\"wp-image-830\" style=\"width:78px;height:auto\"\/><\/figure>\n<\/div>\n\n\n<p>Nous sommes recommand\u00e9s dans le Petit Fut\u00e9 2025 :<\/p>\n\n\n\n<p>\u00ab\u00a0<em>Delphine et Pascal Leballeur sont loin d&rsquo;\u00eatre des inconnus pour les \u00e9picuriens de la r\u00e9gion.<\/em>..\u00a0\u00bb, <a href=\"https:\/\/www.petitfute.com\/v7157-guerigny-58130\/c650-produits-gourmands-vins\/c1104-epicerie\/c655-epicerie-fine\/2137894-la-cerise-sur-le-cochon.html\" target=\"_blank\" rel=\"noreferrer noopener\">la suite ici<\/a>.<\/p>\n\n\n\n<h2 class=\"wp-block-heading\"><\/h2>\n\n\n<div class=\"wp-block-image\">\n<figure class=\"alignleft size-full is-resized\"><img loading=\"lazy\" decoding=\"async\" width=\"206\" height=\"50\" src=\"https:\/\/www.lacerisesurlecochon.fr\/wp-content\/uploads\/2025\/07\/JDC.jpg\" alt=\"\" class=\"wp-image-838\" style=\"width:173px;height:auto\"\/><\/figure>\n<\/div>\n\n\n<p>Le Journal du Centre publie, en juillet 2025, un article pour l&rsquo;ouverture de notre boutique !<\/p>\n\n\n\n<p>\u00ab\u00a0<em>Une nouvelle boutique pour les gourmets, La cerise sur le cochon, ouvre \u00e0 Gu\u00e9rigny&#8230;<\/em>\u00ab\u00a0, <a href=\"https:\/\/www.lejdc.fr\/guerigny-58130\/actualites\/une-nouvelle-boutique-pour-les-gourmets-la-cerise-sur-le-cochon-ouvre-a-guerigny_14540332\/\" target=\"_blank\" rel=\"noreferrer noopener\">la suite ici<\/a>.<\/p>\n\n\n\n<h2 class=\"wp-block-heading\"><\/h2>\n\n\n<div class=\"wp-block-image\">\n<figure class=\"aligncenter size-large is-resized\"><img loading=\"lazy\" decoding=\"async\" width=\"1024\" height=\"316\" src=\"https:\/\/www.lacerisesurlecochon.fr\/wp-content\/uploads\/2025\/07\/Logo_LesBertranges-1-1024x316.png\" alt=\"\" class=\"wp-image-835\" style=\"width:212px;height:auto\" srcset=\"https:\/\/www.lacerisesurlecochon.fr\/wp-content\/uploads\/2025\/07\/Logo_LesBertranges-1-1024x316.png 1024w, https:\/\/www.lacerisesurlecochon.fr\/wp-content\/uploads\/2025\/07\/Logo_LesBertranges-1-300x93.png 300w, https:\/\/www.lacerisesurlecochon.fr\/wp-content\/uploads\/2025\/07\/Logo_LesBertranges-1-768x237.png 768w, https:\/\/www.lacerisesurlecochon.fr\/wp-content\/uploads\/2025\/07\/Logo_LesBertranges-1-416x129.png 416w, https:\/\/www.lacerisesurlecochon.fr\/wp-content\/uploads\/2025\/07\/Logo_LesBertranges-1.png 1068w\" sizes=\"auto, (max-width: 1024px) 100vw, 1024px\" \/><\/figure>\n<\/div>\n\n\n<p>En 2024, l&rsquo;office de la Charit\u00e9 sur Loire a voulu en savoir plus sur notre parcours et pourquoi Pr\u00e9mery !<\/p>\n\n\n\n<p>\u00ab\u00a0<em>\u00c0 Pr\u00e9mery, les terrines, c\u2019est de l\u2019art et du cochon !<br>Partez avec nous \u00e0 la rencontre de Delphine et Pascal Leballeur, &#8230;<\/em>\u00ab\u00a0, <a href=\"https:\/\/www.lacharitesurloire-tourisme.com\/la-cerise-sur-le-cochon\/\" target=\"_blank\" rel=\"noreferrer noopener\">la suite ici<\/a>.<\/p>\n\n\n<div class=\"wp-block-image\">\n<figure class=\"alignright\"><img loading=\"lazy\" decoding=\"async\" width=\"150\" height=\"150\" src=\"https:\/\/www.lacerisesurlecochon.fr\/wp-content\/uploads\/2021\/06\/logo_francebleu_auxerre-150x150.jpg\" alt=\"France Bleu Auxerre\" class=\"wp-image-443\" srcset=\"https:\/\/www.lacerisesurlecochon.fr\/wp-content\/uploads\/2021\/06\/logo_francebleu_auxerre-150x150.jpg 150w, https:\/\/www.lacerisesurlecochon.fr\/wp-content\/uploads\/2021\/06\/logo_francebleu_auxerre-300x300.jpg 300w, https:\/\/www.lacerisesurlecochon.fr\/wp-content\/uploads\/2021\/06\/logo_francebleu_auxerre-1024x1024.jpg 1024w, https:\/\/www.lacerisesurlecochon.fr\/wp-content\/uploads\/2021\/06\/logo_francebleu_auxerre-768x768.jpg 768w, https:\/\/www.lacerisesurlecochon.fr\/wp-content\/uploads\/2021\/06\/logo_francebleu_auxerre-416x416.jpg 416w, https:\/\/www.lacerisesurlecochon.fr\/wp-content\/uploads\/2021\/06\/logo_francebleu_auxerre-100x100.jpg 100w, https:\/\/www.lacerisesurlecochon.fr\/wp-content\/uploads\/2021\/06\/logo_francebleu_auxerre.jpg 1500w\" sizes=\"auto, (max-width: 150px) 100vw, 150px\" \/><\/figure>\n<\/div>\n\n\n<p>En juin 2021, nous sommes pass\u00e9s \u00e0 l&rsquo;\u00e9mission \u00ab\u00a0<strong>On va en faire tout un plat<\/strong>\u00a0\u00bb sur France Bleu Auxerre pour nous pr\u00e9senter et parler de nos produits artisanaux : <a href=\"https:\/\/www.francebleu.fr\/emissions\/va-en-faire-tout-un-plat\/auxerre\/la-cerise-sur-le-cochon-une-conserverie-artisanale-nivernaise\" target=\"_blank\" rel=\"noopener\">cliquer ici<\/a> pour \u00e9couter l&rsquo;\u00e9mission.<\/p>\n\n\n\n<h2 class=\"wp-block-heading\"><\/h2>\n\n\n<div class=\"wp-block-image\">\n<figure class=\"alignleft\"><img loading=\"lazy\" decoding=\"async\" width=\"207\" height=\"71\" src=\"https:\/\/www.lacerisesurlecochon.fr\/wp-content\/uploads\/2021\/06\/terres-de-bourgogne.png\" alt=\"Terres de Bourgogne\" class=\"wp-image-439\"\/><\/figure>\n<\/div>\n\n\n<p>Le magazine <strong>Terres de Bourgogne<\/strong> n\u00b01629 (mai 2021) a publi\u00e9 un bel article dans lequel nous retra\u00e7ons notre parcours. <\/p>\n\n\n\n<p>\u00ab\u00a0<em>La Cerise sur le cochon : la terrine au go\u00fbt de libert\u00e9<\/em>&#8230;\u00a0\u00bb,  <a href=\"https:\/\/www.lacerisesurlecochon.fr\/wp-content\/uploads\/2021\/06\/BOURG_P28.pdf\" target=\"_blank\" rel=\"noopener\">la suite ici<\/a>.<\/p>\n\n\n\n<h2 class=\"wp-block-heading\"><\/h2>\n\n\n<div class=\"wp-block-image\">\n<figure class=\"alignleft\"><img loading=\"lazy\" decoding=\"async\" width=\"100\" height=\"160\" src=\"https:\/\/www.lacerisesurlecochon.fr\/wp-content\/uploads\/2021\/04\/plaque-millesim-pf.png\" alt=\"Petit Fut\u00e9 2021\" class=\"wp-image-412\"\/><\/figure>\n<\/div>\n\n\n<p>Le Petit Fut\u00e9 2021 ? <span style=\"font-size: inherit;\">Ils nous adorent ! <\/span><\/p>\n\n\n\n<p>\u00ab\u00a0<em>Il est des adresses que nous aimons beaucoup au Petit Fut\u00e9, et La Cerise sur le Cochon en fait partie<\/em>! &#8230;\u00a0\u00bb, <a style=\"font-size: inherit;\" href=\"https:\/\/www.petitfute.com\/v7250-premery-58700\/c650-produits-gourmands-vins\/c1116-viandes-et-volailles\/1950672-la-cerise-sur-le-cochon.html\" target=\"_blank\" rel=\"noopener\">la suite ici<\/a><span style=\"font-size: inherit;\">.&nbsp;<\/span><\/p>\n\n\n\n<h2 class=\"wp-block-heading\"><\/h2>\n\n\n<div class=\"wp-block-image\">\n<figure class=\"alignleft\"><img loading=\"lazy\" decoding=\"async\" width=\"209\" height=\"130\" src=\"https:\/\/www.lacerisesurlecochon.fr\/wp-content\/uploads\/2021\/04\/nievre-tourisme.png\" alt=\"Ni\u00e8vre Tourisme\" class=\"wp-image-422\"\/><\/figure>\n<\/div>\n\n\n<p>Nous somme pr\u00e9sents dans le mag\u2019 Ni\u00e8vre n\u00b04 de 2021 dans la section \u201cON ADORE!\u201d&nbsp; page 45, section mettant en avant les artisans et les producteurs locaux : <a class=\"rank-math-link\" href=\"https:\/\/fr.calameo.com\/read\/006110262916f09b6d30d\" target=\"_blank\" rel=\"noopener\">cliquez ici<\/a>. Il s\u2019agit d\u2019un magazine de destination, source d\u2019inspiration voyages, weekends et lifestyle en Ni\u00e8vre qui parait annuellement.<\/p>\n\n\n<div style=\"text-align: center; width:480px; margin: 12px auto;\"><div style=\"margin: 4px 0px;\"><a href=\"http:\/\/calameo.com\/books\/006110262916f09b6d30d\" target=\"_blank\" rel=\"noopener\">View this publication on Calam&eacute;o<\/a><\/div><iframe loading=\"lazy\" src=\"\/\/v.calameo.com\/?bkcode=006110262916f09b6d30d&amp;language=fr&amp;page=&amp;showsharemenu=true&amp;clickTo=public&amp;clickTarget=_self&amp;clickToUrl=&amp;autoFlip=0&amp;mode=mini&amp;wmode=transparent\" width=\"480\" height=\"300\" style=\"width:480px;height:300px\" frameborder=\"0\" scrolling=\"no\" allowtransparency allowfullscreen><\/iframe><div style=\"margin: 4px 0px; font-size: 90%;\"><a rel=\"nofollow noopener\" href=\"http:\/\/calameo.com\/upload\" target=\"_blank\">Publish<\/a> at <a href=\"http:\/\/calameo.com\" target=\"_blank\" rel=\"noopener\">Calam&eacute;o<\/a> or <a href=\"http:\/\/calameo.com\/browse\/weekly\/?o=7&amp;w=DESC\" target=\"_blank\" rel=\"noopener\">browse<\/a> the library.<\/div><\/div>\n\n\n\n<p><\/p>\n","protected":false},"excerpt":{"rendered":"<p>Retrouvez &#8211; nous dans la presse ou dans les guides touristiques ! Nous sommes recommand\u00e9s dans le Petit Fut\u00e9 2025 : \u00ab\u00a0Delphine et Pascal Leballeur sont loin d&rsquo;\u00eatre des inconnus pour les \u00e9picuriens de la r\u00e9gion&#8230;\u00a0\u00bb, la suite ici. Le Journal du Centre publie, en juillet 2025, un article pour l&rsquo;ouverture de notre boutique ! [&hellip;]<\/p>\n","protected":false},"author":1,"featured_media":0,"parent":0,"menu_order":0,"comment_status":"closed","ping_status":"closed","template":"","meta":{"footnotes":""},"class_list":["post-397","page","type-page","status-publish","hentry"],"_links":{"self":[{"href":"https:\/\/www.lacerisesurlecochon.fr\/index.php\/wp-json\/wp\/v2\/pages\/397","targetHints":{"allow":["GET"]}}],"collection":[{"href":"https:\/\/www.lacerisesurlecochon.fr\/index.php\/wp-json\/wp\/v2\/pages"}],"about":[{"href":"https:\/\/www.lacerisesurlecochon.fr\/index.php\/wp-json\/wp\/v2\/types\/page"}],"author":[{"embeddable":true,"href":"https:\/\/www.lacerisesurlecochon.fr\/index.php\/wp-json\/wp\/v2\/users\/1"}],"replies":[{"embeddable":true,"href":"https:\/\/www.lacerisesurlecochon.fr\/index.php\/wp-json\/wp\/v2\/comments?post=397"}],"version-history":[{"count":34,"href":"https:\/\/www.lacerisesurlecochon.fr\/index.php\/wp-json\/wp\/v2\/pages\/397\/revisions"}],"predecessor-version":[{"id":842,"href":"https:\/\/www.lacerisesurlecochon.fr\/index.php\/wp-json\/wp\/v2\/pages\/397\/revisions\/842"}],"wp:attachment":[{"href":"https:\/\/www.lacerisesurlecochon.fr\/index.php\/wp-json\/wp\/v2\/media?parent=397"}],"curies":[{"name":"wp","href":"https:\/\/api.w.org\/{rel}","templated":true}]}}