{"id":764,"date":"2025-06-10T19:21:51","date_gmt":"2025-06-10T17:21:51","guid":{"rendered":"https:\/\/www.lacerisesurlecochon.fr\/?page_id=764"},"modified":"2025-10-23T09:43:43","modified_gmt":"2025-10-23T07:43:43","slug":"le-traiteur-buffet-froid","status":"publish","type":"page","link":"https:\/\/www.lacerisesurlecochon.fr\/index.php\/le-traiteur-buffet-froid\/","title":{"rendered":"Le Traiteur"},"content":{"rendered":"\n<h4 class=\"wp-block-heading\">Nous vous proposons des planches ap\u00e9ro \u00e0 emporter ou du traiteur buffet froid \u00e0 composer en fonction de vos envies.<\/h4>\n\n\n\n<p>Pour tout renseignement, n&rsquo;h\u00e9sitez pas \u00e0 passez \u00e0 la <a href=\"https:\/\/www.google.com\/search?q=Conserverie+La+Cerise+sur+le+Cochon+-+La+Boutique&amp;stick=H4sIAAAAAAAA_-NgU1I1qDAxTzMwsTQ2N7MwTbY0SU2zMqhIMTVMMzAzSEqxTE41MDU2WsRq6JyfV5xaVJZalJmq4JOo4AxkFKcqFJcWKeSkKjjnJ2fk5ynogmSc8ktLMgtLUwHBLHlYXQAAAA&amp;hl=fr&amp;mat=CaIhgVKOT9oqElcBmzl_pd_-60PaD6re0KhpEj75jZQIROyMpcB2lzwXtEEeGk_oBYw4M8WBZQleZUI03gJDvywU26XkFmixhM_EimjL927XbGz2PhF0VmE_eGbvTLWiGmc&amp;authuser=0&amp;ved=2ahUKEwi8_O2Y2aqNAxUBT6QEHRuXH5gQ-MgIegQILhAe#scso=_95woaJrRCPe6kdUP_cGboAs_66:482,_Jv8yaNuCLIyskdUP78mf6A8_55:880\" target=\"_blank\" rel=\"noopener\"><strong><em>boutique <\/em><\/strong><\/a>ou appelez nous au 06.52.20.04.71.<\/p>\n\n\n\n<ul class=\"wp-block-list\">\n<li class=\"has-large-font-size\">Planches Ap\u00e9ro \u00e0 emporter<\/li>\n<\/ul>\n\n\n\n<div class=\"wp-block-cover aligncenter has-custom-content-position is-position-bottom-center\" style=\"min-height:374px;aspect-ratio:unset;\"><img loading=\"lazy\" decoding=\"async\" width=\"720\" height=\"360\" class=\"wp-block-cover__image-background wp-image-766\" alt=\"Planche ap\u00e9ro pour 2 personnes\" src=\"https:\/\/www.lacerisesurlecochon.fr\/wp-content\/uploads\/2025\/06\/Assiette-apero-recadre-2_mini.jpg\" data-object-fit=\"cover\" srcset=\"https:\/\/www.lacerisesurlecochon.fr\/wp-content\/uploads\/2025\/06\/Assiette-apero-recadre-2_mini.jpg 720w, https:\/\/www.lacerisesurlecochon.fr\/wp-content\/uploads\/2025\/06\/Assiette-apero-recadre-2_mini-300x150.jpg 300w, https:\/\/www.lacerisesurlecochon.fr\/wp-content\/uploads\/2025\/06\/Assiette-apero-recadre-2_mini-416x208.jpg 416w\" sizes=\"auto, (max-width: 720px) 100vw, 720px\" \/><span aria-hidden=\"true\" class=\"wp-block-cover__background has-background-dim\"><\/span><div class=\"wp-block-cover__inner-container is-layout-flow wp-block-cover-is-layout-flow\">\n<p class=\"has-text-align-center has-large-font-size\">Exemple de planche pour 2 personnes<\/p>\n<\/div><\/div>\n\n\n\n<p><\/p>\n\n\n\n<div class=\"wp-block-cover alignright has-custom-content-position is-position-bottom-center\"><img loading=\"lazy\" decoding=\"async\" width=\"720\" height=\"540\" class=\"wp-block-cover__image-background wp-image-768\" alt=\"\" src=\"https:\/\/www.lacerisesurlecochon.fr\/wp-content\/uploads\/2025\/06\/Assiette-apero-6-personnes_mini.jpg\" data-object-fit=\"cover\" srcset=\"https:\/\/www.lacerisesurlecochon.fr\/wp-content\/uploads\/2025\/06\/Assiette-apero-6-personnes_mini.jpg 720w, https:\/\/www.lacerisesurlecochon.fr\/wp-content\/uploads\/2025\/06\/Assiette-apero-6-personnes_mini-300x225.jpg 300w, https:\/\/www.lacerisesurlecochon.fr\/wp-content\/uploads\/2025\/06\/Assiette-apero-6-personnes_mini-416x312.jpg 416w\" sizes=\"auto, (max-width: 720px) 100vw, 720px\" \/><span aria-hidden=\"true\" class=\"wp-block-cover__background has-background-dim\"><\/span><div class=\"wp-block-cover__inner-container is-layout-flow wp-block-cover-is-layout-flow\">\n<p class=\"has-text-align-center has-large-font-size\">Exemple de planche pour 6 personnes<\/p>\n<\/div><\/div>\n\n\n\n<p><strong><em>Sur les planches :<\/em><\/strong><\/p>\n\n\n\n<ul class=\"wp-block-list\">\n<li>Terrine pr\u00e9par\u00e9e Maison<\/li>\n\n\n\n<li>Pickles aigre-doux Maison<\/li>\n\n\n\n<li>Saucisson \u00e0 l\u2019ail Maison<\/li>\n\n\n\n<li>Saucisson sec Porc Fermier<\/li>\n\n\n\n<li>Jambon sec Porc Fermier<\/li>\n\n\n\n<li>Fromage Fermier local<\/li>\n<\/ul>\n\n\n\n<p><\/p>\n\n\n\n<p><\/p>\n\n\n\n<p><\/p>\n\n\n\n<p><\/p>\n\n\n\n<p><\/p>\n\n\n\n<p><\/p>\n\n\n\n<h2 class=\"wp-block-heading\"><\/h2>\n\n\n\n<ul class=\"wp-block-list\">\n<li class=\"has-large-font-size\">Traiteur Buffet Froid<\/li>\n<\/ul>\n\n\n\n<div class=\"wp-block-cover has-custom-content-position is-position-bottom-center\"><img loading=\"lazy\" decoding=\"async\" width=\"1024\" height=\"573\" class=\"wp-block-cover__image-background wp-image-771\" alt=\"Plateau buffet froid\" src=\"https:\/\/www.lacerisesurlecochon.fr\/wp-content\/uploads\/2025\/06\/Plateau-traiteur-recadre-1024x573.jpg\" data-object-fit=\"cover\" srcset=\"https:\/\/www.lacerisesurlecochon.fr\/wp-content\/uploads\/2025\/06\/Plateau-traiteur-recadre-1024x573.jpg 1024w, https:\/\/www.lacerisesurlecochon.fr\/wp-content\/uploads\/2025\/06\/Plateau-traiteur-recadre-300x168.jpg 300w, https:\/\/www.lacerisesurlecochon.fr\/wp-content\/uploads\/2025\/06\/Plateau-traiteur-recadre-768x430.jpg 768w, https:\/\/www.lacerisesurlecochon.fr\/wp-content\/uploads\/2025\/06\/Plateau-traiteur-recadre-1536x859.jpg 1536w, https:\/\/www.lacerisesurlecochon.fr\/wp-content\/uploads\/2025\/06\/Plateau-traiteur-recadre-2048x1146.jpg 2048w, https:\/\/www.lacerisesurlecochon.fr\/wp-content\/uploads\/2025\/06\/Plateau-traiteur-recadre-416x233.jpg 416w\" sizes=\"auto, (max-width: 1024px) 100vw, 1024px\" \/><span aria-hidden=\"true\" class=\"wp-block-cover__background has-background-dim\"><\/span><div class=\"wp-block-cover__inner-container is-layout-flow wp-block-cover-is-layout-flow\">\n<p class=\"has-text-align-center has-large-font-size\">Plateau Buffet Froid pour 8 personnes<\/p>\n<\/div><\/div>\n\n\n\n<h2 class=\"wp-block-heading\"><\/h2>\n\n\n\n<p><strong><em>En fonction de vos envies, nous pouvons pr\u00e9voir les produits suivants :<\/em><\/strong><\/p>\n\n\n\n<div class=\"wp-block-cover alignright has-custom-content-position is-position-bottom-center\"><img loading=\"lazy\" decoding=\"async\" width=\"720\" height=\"746\" class=\"wp-block-cover__image-background wp-image-773 size-full\" alt=\"\" src=\"https:\/\/www.lacerisesurlecochon.fr\/wp-content\/uploads\/2025\/06\/Salade_mini.jpg\" style=\"object-position:10% 10%\" data-object-fit=\"cover\" data-object-position=\"10% 10%\" srcset=\"https:\/\/www.lacerisesurlecochon.fr\/wp-content\/uploads\/2025\/06\/Salade_mini.jpg 720w, https:\/\/www.lacerisesurlecochon.fr\/wp-content\/uploads\/2025\/06\/Salade_mini-290x300.jpg 290w, https:\/\/www.lacerisesurlecochon.fr\/wp-content\/uploads\/2025\/06\/Salade_mini-416x431.jpg 416w\" sizes=\"auto, (max-width: 720px) 100vw, 720px\" \/><span aria-hidden=\"true\" class=\"wp-block-cover__background has-background-dim\"><\/span><div class=\"wp-block-cover__inner-container is-layout-flow wp-block-cover-is-layout-flow\">\n<p class=\"has-text-align-center has-large-font-size\">Exemple de salade compos\u00e9e<\/p>\n<\/div><\/div>\n\n\n\n<ul class=\"wp-block-list\">\n<li>Terrine pr\u00e9par\u00e9e Maison<\/li>\n\n\n\n<li>Pickles aigre-doux Maison<\/li>\n\n\n\n<li>Saucisson \u00e0 l\u2019ail Maison<\/li>\n\n\n\n<li>Saucisson sec Porc Fermier<\/li>\n\n\n\n<li>Jambon sec Porc Fermier<\/li>\n\n\n\n<li>Fromage Fermier local<\/li>\n\n\n\n<li>Jambon blanc artisanal<\/li>\n\n\n\n<li>Cake pr\u00e9par\u00e9 Maison, <\/li>\n\n\n\n<li>Tomates Cerises<\/li>\n\n\n\n<li>Cornichons<\/li>\n\n\n\n<li>Salade compos\u00e9e<\/li>\n\n\n\n<li>&#8230;<\/li>\n<\/ul>\n","protected":false},"excerpt":{"rendered":"<p>Nous vous proposons des planches ap\u00e9ro \u00e0 emporter ou du traiteur buffet froid \u00e0 composer en fonction de vos envies. Pour tout renseignement, n&rsquo;h\u00e9sitez pas \u00e0 passez \u00e0 la boutique ou appelez nous au 06.52.20.04.71. Sur les planches : En fonction de vos envies, nous pouvons pr\u00e9voir les produits suivants :<\/p>\n","protected":false},"author":1,"featured_media":0,"parent":0,"menu_order":0,"comment_status":"closed","ping_status":"closed","template":"","meta":{"footnotes":""},"class_list":["post-764","page","type-page","status-publish","hentry"],"_links":{"self":[{"href":"https:\/\/www.lacerisesurlecochon.fr\/index.php\/wp-json\/wp\/v2\/pages\/764","targetHints":{"allow":["GET"]}}],"collection":[{"href":"https:\/\/www.lacerisesurlecochon.fr\/index.php\/wp-json\/wp\/v2\/pages"}],"about":[{"href":"https:\/\/www.lacerisesurlecochon.fr\/index.php\/wp-json\/wp\/v2\/types\/page"}],"author":[{"embeddable":true,"href":"https:\/\/www.lacerisesurlecochon.fr\/index.php\/wp-json\/wp\/v2\/users\/1"}],"replies":[{"embeddable":true,"href":"https:\/\/www.lacerisesurlecochon.fr\/index.php\/wp-json\/wp\/v2\/comments?post=764"}],"version-history":[{"count":18,"href":"https:\/\/www.lacerisesurlecochon.fr\/index.php\/wp-json\/wp\/v2\/pages\/764\/revisions"}],"predecessor-version":[{"id":793,"href":"https:\/\/www.lacerisesurlecochon.fr\/index.php\/wp-json\/wp\/v2\/pages\/764\/revisions\/793"}],"wp:attachment":[{"href":"https:\/\/www.lacerisesurlecochon.fr\/index.php\/wp-json\/wp\/v2\/media?parent=764"}],"curies":[{"name":"wp","href":"https:\/\/api.w.org\/{rel}","templated":true}]}}