{"id":845,"date":"2025-10-23T09:45:45","date_gmt":"2025-10-23T07:45:45","guid":{"rendered":"https:\/\/www.lacerisesurlecochon.fr\/?page_id=845"},"modified":"2025-10-23T11:08:36","modified_gmt":"2025-10-23T09:08:36","slug":"les-paniers","status":"publish","type":"page","link":"https:\/\/www.lacerisesurlecochon.fr\/index.php\/les-paniers\/","title":{"rendered":"Les Paniers de fin d&rsquo;ann\u00e9e"},"content":{"rendered":"\n<p>Vous \u00eates une entreprise, un CE, une mairie, un CCAS ou une association.<br>Vous souhaitez offrir des Paniers cadeaux de fin d\u2019ann\u00e9e \u00e0 vos salari\u00e9s, clients, collaborateurs, \u2026<\/p>\n\n\n\n<p>Pour tout renseignement, n&rsquo;h\u00e9sitez pas \u00e0 passez \u00e0 la <a href=\"https:\/\/www.google.com\/search?q=Conserverie+La+Cerise+sur+le+Cochon+-+La+Boutique&amp;stick=H4sIAAAAAAAA_-NgU1I1qDAxTzMwsTQ2N7MwTbY0SU2zMqhIMTVMMzAzSEqxTE41MDU2WsRq6JyfV5xaVJZalJmq4JOo4AxkFKcqFJcWKeSkKjjnJ2fk5ynogmSc8ktLMgtLUwHBLHlYXQAAAA&amp;hl=fr&amp;mat=CaIhgVKOT9oqElcBmzl_pd_-60PaD6re0KhpEj75jZQIROyMpcB2lzwXtEEeGk_oBYw4M8WBZQleZUI03gJDvywU26XkFmixhM_EimjL927XbGz2PhF0VmE_eGbvTLWiGmc&amp;authuser=0&amp;ved=2ahUKEwi8_O2Y2aqNAxUBT6QEHRuXH5gQ-MgIegQILhAe#scso=_95woaJrRCPe6kdUP_cGboAs_66:482,_Jv8yaNuCLIyskdUP78mf6A8_55:880\" target=\"_blank\" rel=\"noopener\"><strong><em>boutique <\/em><\/strong><\/a>ou appelez-nous au 06.52.20.04.71.<\/p>\n\n\n\n<p><\/p>\n\n\n<div class=\"wp-block-image\">\n<figure class=\"alignright size-full is-resized\"><img loading=\"lazy\" decoding=\"async\" width=\"800\" height=\"600\" src=\"https:\/\/www.lacerisesurlecochon.fr\/wp-content\/uploads\/2025\/10\/Petit-Panier_mini.jpg\" alt=\"\" class=\"wp-image-848\" style=\"width:492px;height:auto\" srcset=\"https:\/\/www.lacerisesurlecochon.fr\/wp-content\/uploads\/2025\/10\/Petit-Panier_mini.jpg 800w, https:\/\/www.lacerisesurlecochon.fr\/wp-content\/uploads\/2025\/10\/Petit-Panier_mini-300x225.jpg 300w, https:\/\/www.lacerisesurlecochon.fr\/wp-content\/uploads\/2025\/10\/Petit-Panier_mini-768x576.jpg 768w, https:\/\/www.lacerisesurlecochon.fr\/wp-content\/uploads\/2025\/10\/Petit-Panier_mini-416x312.jpg 416w\" sizes=\"auto, (max-width: 800px) 100vw, 800px\" \/><\/figure>\n<\/div>\n\n<div class=\"wp-block-image\">\n<figure class=\"aligncenter size-full is-resized\"><img loading=\"lazy\" decoding=\"async\" width=\"800\" height=\"600\" src=\"https:\/\/www.lacerisesurlecochon.fr\/wp-content\/uploads\/2025\/10\/Panier-Moyen_mini.jpg\" alt=\"\" class=\"wp-image-854\" style=\"width:455px;height:auto\" srcset=\"https:\/\/www.lacerisesurlecochon.fr\/wp-content\/uploads\/2025\/10\/Panier-Moyen_mini.jpg 800w, https:\/\/www.lacerisesurlecochon.fr\/wp-content\/uploads\/2025\/10\/Panier-Moyen_mini-300x225.jpg 300w, https:\/\/www.lacerisesurlecochon.fr\/wp-content\/uploads\/2025\/10\/Panier-Moyen_mini-768x576.jpg 768w, https:\/\/www.lacerisesurlecochon.fr\/wp-content\/uploads\/2025\/10\/Panier-Moyen_mini-416x312.jpg 416w\" sizes=\"auto, (max-width: 800px) 100vw, 800px\" \/><\/figure>\n<\/div>\n\n<div class=\"wp-block-image\">\n<figure class=\"alignright size-full is-resized\"><img loading=\"lazy\" decoding=\"async\" width=\"800\" height=\"600\" src=\"https:\/\/www.lacerisesurlecochon.fr\/wp-content\/uploads\/2025\/10\/Grand-Panier_mini.jpg\" alt=\"\" class=\"wp-image-850\" style=\"width:580px;height:auto\" srcset=\"https:\/\/www.lacerisesurlecochon.fr\/wp-content\/uploads\/2025\/10\/Grand-Panier_mini.jpg 800w, https:\/\/www.lacerisesurlecochon.fr\/wp-content\/uploads\/2025\/10\/Grand-Panier_mini-300x225.jpg 300w, https:\/\/www.lacerisesurlecochon.fr\/wp-content\/uploads\/2025\/10\/Grand-Panier_mini-768x576.jpg 768w, https:\/\/www.lacerisesurlecochon.fr\/wp-content\/uploads\/2025\/10\/Grand-Panier_mini-416x312.jpg 416w\" sizes=\"auto, (max-width: 800px) 100vw, 800px\" \/><\/figure>\n<\/div>","protected":false},"excerpt":{"rendered":"<p>Vous \u00eates une entreprise, un CE, une mairie, un CCAS ou une association.Vous souhaitez offrir des Paniers cadeaux de fin d\u2019ann\u00e9e \u00e0 vos salari\u00e9s, clients, collaborateurs, \u2026 Pour tout renseignement, n&rsquo;h\u00e9sitez pas \u00e0 passez \u00e0 la boutique ou appelez-nous au 06.52.20.04.71.<\/p>\n","protected":false},"author":1,"featured_media":0,"parent":0,"menu_order":0,"comment_status":"closed","ping_status":"closed","template":"","meta":{"footnotes":""},"class_list":["post-845","page","type-page","status-publish","hentry"],"_links":{"self":[{"href":"https:\/\/www.lacerisesurlecochon.fr\/index.php\/wp-json\/wp\/v2\/pages\/845","targetHints":{"allow":["GET"]}}],"collection":[{"href":"https:\/\/www.lacerisesurlecochon.fr\/index.php\/wp-json\/wp\/v2\/pages"}],"about":[{"href":"https:\/\/www.lacerisesurlecochon.fr\/index.php\/wp-json\/wp\/v2\/types\/page"}],"author":[{"embeddable":true,"href":"https:\/\/www.lacerisesurlecochon.fr\/index.php\/wp-json\/wp\/v2\/users\/1"}],"replies":[{"embeddable":true,"href":"https:\/\/www.lacerisesurlecochon.fr\/index.php\/wp-json\/wp\/v2\/comments?post=845"}],"version-history":[{"count":3,"href":"https:\/\/www.lacerisesurlecochon.fr\/index.php\/wp-json\/wp\/v2\/pages\/845\/revisions"}],"predecessor-version":[{"id":855,"href":"https:\/\/www.lacerisesurlecochon.fr\/index.php\/wp-json\/wp\/v2\/pages\/845\/revisions\/855"}],"wp:attachment":[{"href":"https:\/\/www.lacerisesurlecochon.fr\/index.php\/wp-json\/wp\/v2\/media?parent=845"}],"curies":[{"name":"wp","href":"https:\/\/api.w.org\/{rel}","templated":true}]}}