{"id":42,"date":"2020-02-04T19:19:25","date_gmt":"2020-02-04T18:19:25","guid":{"rendered":"http:\/\/wp.lacerisesurlecochon.fr\/?post_type=product&#038;p=42"},"modified":"2025-02-26T10:28:55","modified_gmt":"2025-02-26T09:28:55","slug":"rillettes-de-poulet-au-pouilly-fume","status":"publish","type":"product","link":"https:\/\/www.lacerisesurlecochon.fr\/index.php\/produit\/rillettes-de-poulet-au-pouilly-fume\/","title":{"rendered":"Rillettes de Poulet au Pouilly Fum\u00e9"},"content":{"rendered":"<p><strong>Recette cuisin\u00e9e avec : du poulet, de la dinde, des l\u00e9gumes (<u>c\u00e9leri<\/u>), du jus de cuisson, du <u>vin blanc<\/u>, de la graisse de canard, du sel, du thym, du laurier, du curry (<u>moutarde<\/u>), du paprika et du poivre.<\/strong><\/p>\n<p><em><span style=\"color: #861a22;\">Des rillettes sans porc l\u00e9g\u00e8rement \u00e9pic\u00e9es !<\/span><\/em><\/p>\n","protected":false},"excerpt":{"rendered":"<p>Recette cuisin\u00e9e avec : du poulet, de la dinde, des l\u00e9gumes (c\u00e9leri), du jus de cuisson, du vin blanc, de la graisse de canard, du sel, du thym, du laurier, du curry (moutarde), du paprika et du poivre. Des rillettes sans porc l\u00e9g\u00e8rement \u00e9pic\u00e9es !<\/p>\n","protected":false},"featured_media":518,"template":"","meta":[],"product_brand":[],"product_cat":[30,18,28],"product_tag":[],"class_list":{"0":"post-42","1":"product","2":"type-product","3":"status-publish","4":"has-post-thumbnail","6":"product_cat-volailles","7":"product_cat-bourguignonnes","8":"product_cat-sans-porc","10":"first","11":"instock","12":"shipping-taxable","13":"purchasable","14":"product-type-variable"},"_links":{"self":[{"href":"https:\/\/www.lacerisesurlecochon.fr\/index.php\/wp-json\/wp\/v2\/product\/42","targetHints":{"allow":["GET"]}}],"collection":[{"href":"https:\/\/www.lacerisesurlecochon.fr\/index.php\/wp-json\/wp\/v2\/product"}],"about":[{"href":"https:\/\/www.lacerisesurlecochon.fr\/index.php\/wp-json\/wp\/v2\/types\/product"}],"wp:featuredmedia":[{"embeddable":true,"href":"https:\/\/www.lacerisesurlecochon.fr\/index.php\/wp-json\/wp\/v2\/media\/518"}],"wp:attachment":[{"href":"https:\/\/www.lacerisesurlecochon.fr\/index.php\/wp-json\/wp\/v2\/media?parent=42"}],"wp:term":[{"taxonomy":"product_brand","embeddable":true,"href":"https:\/\/www.lacerisesurlecochon.fr\/index.php\/wp-json\/wp\/v2\/product_brand?post=42"},{"taxonomy":"product_cat","embeddable":true,"href":"https:\/\/www.lacerisesurlecochon.fr\/index.php\/wp-json\/wp\/v2\/product_cat?post=42"},{"taxonomy":"product_tag","embeddable":true,"href":"https:\/\/www.lacerisesurlecochon.fr\/index.php\/wp-json\/wp\/v2\/product_tag?post=42"}],"curies":[{"name":"wp","href":"https:\/\/api.w.org\/{rel}","templated":true}]}}