{"id":43,"date":"2020-02-04T19:20:05","date_gmt":"2020-02-04T18:20:05","guid":{"rendered":"http:\/\/wp.lacerisesurlecochon.fr\/?post_type=product&#038;p=43"},"modified":"2025-02-26T10:28:15","modified_gmt":"2025-02-26T09:28:15","slug":"terrine-de-veau-au-confit-dechalotes","status":"publish","type":"product","link":"https:\/\/www.lacerisesurlecochon.fr\/index.php\/produit\/terrine-de-veau-au-confit-dechalotes\/","title":{"rendered":"Terrine de Veau au Confit d\u2019Echalotes"},"content":{"rendered":"<p><strong>Recette cuisin\u00e9e avec : du veau, du porc \u00e9lev\u00e9 en plein air, des \u00e9chalotes, du miel, du <u>vin blanc<\/u>, du <u>Mad\u00e8re<\/u>, du sel, du gingembre et du poivre.<\/strong><\/p>\n<p><span style=\"color: #861a22;\"><em>Sucr\u00e9e sal\u00e9e\u00a0pour cette terrine d\u00e9licieuse !<\/em><\/span><\/p>\n","protected":false},"excerpt":{"rendered":"<p>Recette cuisin\u00e9e avec : du veau, du porc \u00e9lev\u00e9 en plein air, des \u00e9chalotes, du miel, du vin blanc, du Mad\u00e8re, du sel, du gingembre et du poivre. Sucr\u00e9e sal\u00e9e\u00a0pour cette terrine d\u00e9licieuse !<\/p>\n","protected":false},"featured_media":517,"template":"","meta":[],"product_brand":[],"product_cat":[29,33],"product_tag":[],"class_list":{"0":"post-43","1":"product","2":"type-product","3":"status-publish","4":"has-post-thumbnail","6":"product_cat-veau","7":"product_cat-originales","9":"first","10":"instock","11":"shipping-taxable","12":"purchasable","13":"product-type-variable"},"_links":{"self":[{"href":"https:\/\/www.lacerisesurlecochon.fr\/index.php\/wp-json\/wp\/v2\/product\/43","targetHints":{"allow":["GET"]}}],"collection":[{"href":"https:\/\/www.lacerisesurlecochon.fr\/index.php\/wp-json\/wp\/v2\/product"}],"about":[{"href":"https:\/\/www.lacerisesurlecochon.fr\/index.php\/wp-json\/wp\/v2\/types\/product"}],"wp:featuredmedia":[{"embeddable":true,"href":"https:\/\/www.lacerisesurlecochon.fr\/index.php\/wp-json\/wp\/v2\/media\/517"}],"wp:attachment":[{"href":"https:\/\/www.lacerisesurlecochon.fr\/index.php\/wp-json\/wp\/v2\/media?parent=43"}],"wp:term":[{"taxonomy":"product_brand","embeddable":true,"href":"https:\/\/www.lacerisesurlecochon.fr\/index.php\/wp-json\/wp\/v2\/product_brand?post=43"},{"taxonomy":"product_cat","embeddable":true,"href":"https:\/\/www.lacerisesurlecochon.fr\/index.php\/wp-json\/wp\/v2\/product_cat?post=43"},{"taxonomy":"product_tag","embeddable":true,"href":"https:\/\/www.lacerisesurlecochon.fr\/index.php\/wp-json\/wp\/v2\/product_tag?post=43"}],"curies":[{"name":"wp","href":"https:\/\/api.w.org\/{rel}","templated":true}]}}