{"id":46,"date":"2020-02-04T19:23:02","date_gmt":"2020-02-04T18:23:02","guid":{"rendered":"http:\/\/wp.lacerisesurlecochon.fr\/?post_type=product&#038;p=46"},"modified":"2025-02-26T10:26:09","modified_gmt":"2025-02-26T09:26:09","slug":"terrine-de-faisan-aux-pommes","status":"publish","type":"product","link":"https:\/\/www.lacerisesurlecochon.fr\/index.php\/produit\/terrine-de-faisan-aux-pommes\/","title":{"rendered":"Terrine de Faisan au Cidre du Morvan"},"content":{"rendered":"<p><strong>Recette cuisin\u00e9e avec : du faisan sauvage, du porc \u00e9lev\u00e9 en plein air, des pommes, des oignons, du cidre de la Cave cidricole du Morvan, du sel et du poivre.<\/strong><\/p>\n<p><span style=\"color: #861a22;\"><em>Belle association entre le faisan et le cidre, acidul\u00e9e \u00e0 souhait !<\/em><\/span><\/p>\n","protected":false},"excerpt":{"rendered":"<p>Recette cuisin\u00e9e avec : du faisan sauvage, du porc \u00e9lev\u00e9 en plein air, des pommes, des oignons, du cidre de la Cave cidricole du Morvan, du sel et du poivre. Belle association entre le faisan et le cidre, acidul\u00e9e \u00e0 souhait !<\/p>\n","protected":false},"featured_media":604,"template":"","meta":[],"product_brand":[],"product_cat":[21,18,25],"product_tag":[],"class_list":{"0":"post-46","1":"product","2":"type-product","3":"status-publish","4":"has-post-thumbnail","6":"product_cat-gibier","7":"product_cat-bourguignonnes","8":"product_cat-nouveau","10":"first","11":"instock","12":"shipping-taxable","13":"purchasable","14":"product-type-variable"},"_links":{"self":[{"href":"https:\/\/www.lacerisesurlecochon.fr\/index.php\/wp-json\/wp\/v2\/product\/46","targetHints":{"allow":["GET"]}}],"collection":[{"href":"https:\/\/www.lacerisesurlecochon.fr\/index.php\/wp-json\/wp\/v2\/product"}],"about":[{"href":"https:\/\/www.lacerisesurlecochon.fr\/index.php\/wp-json\/wp\/v2\/types\/product"}],"wp:featuredmedia":[{"embeddable":true,"href":"https:\/\/www.lacerisesurlecochon.fr\/index.php\/wp-json\/wp\/v2\/media\/604"}],"wp:attachment":[{"href":"https:\/\/www.lacerisesurlecochon.fr\/index.php\/wp-json\/wp\/v2\/media?parent=46"}],"wp:term":[{"taxonomy":"product_brand","embeddable":true,"href":"https:\/\/www.lacerisesurlecochon.fr\/index.php\/wp-json\/wp\/v2\/product_brand?post=46"},{"taxonomy":"product_cat","embeddable":true,"href":"https:\/\/www.lacerisesurlecochon.fr\/index.php\/wp-json\/wp\/v2\/product_cat?post=46"},{"taxonomy":"product_tag","embeddable":true,"href":"https:\/\/www.lacerisesurlecochon.fr\/index.php\/wp-json\/wp\/v2\/product_tag?post=46"}],"curies":[{"name":"wp","href":"https:\/\/api.w.org\/{rel}","templated":true}]}}