{"id":52,"date":"2020-02-04T19:28:29","date_gmt":"2020-02-04T18:28:29","guid":{"rendered":"http:\/\/wp.lacerisesurlecochon.fr\/?post_type=product&#038;p=52"},"modified":"2025-02-26T10:07:01","modified_gmt":"2025-02-26T09:07:01","slug":"terrine-de-volailles-au-ratafia-de-cerises","status":"publish","type":"product","link":"https:\/\/www.lacerisesurlecochon.fr\/index.php\/produit\/terrine-de-volailles-au-ratafia-de-cerises\/","title":{"rendered":"Terrine de Volailles au Ratafia de Cerises"},"content":{"rendered":"<p><strong>Recette cuisin\u00e9e avec : de la volaille, du porc \u00e9lev\u00e9 en plein air, des oignons, du <u>vin blanc<\/u>, du <u>Ratafia de Cerises<\/u> de Bourgogne, du sel, du paprika, du curry (<u>moutarde<\/u>) et du poivre.<\/strong><\/p>\n<p><span style=\"color: #861a22;\"><em>Une recette sp\u00e9ciale \u00ab\u00a0Cerise\u00a0\u00bb !<\/em><\/span><\/p>\n","protected":false},"excerpt":{"rendered":"<p>Recette cuisin\u00e9e avec : de la volaille, du porc \u00e9lev\u00e9 en plein air, des oignons, du vin blanc, du Ratafia de Cerises de Bourgogne, du sel, du paprika, du curry (moutarde) et du poivre. Une recette sp\u00e9ciale \u00ab\u00a0Cerise\u00a0\u00bb !<\/p>\n","protected":false},"featured_media":508,"template":"","meta":[],"product_brand":[],"product_cat":[30,18],"product_tag":[],"class_list":{"0":"post-52","1":"product","2":"type-product","3":"status-publish","4":"has-post-thumbnail","6":"product_cat-volailles","7":"product_cat-bourguignonnes","9":"first","10":"instock","11":"shipping-taxable","12":"purchasable","13":"product-type-variable"},"_links":{"self":[{"href":"https:\/\/www.lacerisesurlecochon.fr\/index.php\/wp-json\/wp\/v2\/product\/52","targetHints":{"allow":["GET"]}}],"collection":[{"href":"https:\/\/www.lacerisesurlecochon.fr\/index.php\/wp-json\/wp\/v2\/product"}],"about":[{"href":"https:\/\/www.lacerisesurlecochon.fr\/index.php\/wp-json\/wp\/v2\/types\/product"}],"wp:featuredmedia":[{"embeddable":true,"href":"https:\/\/www.lacerisesurlecochon.fr\/index.php\/wp-json\/wp\/v2\/media\/508"}],"wp:attachment":[{"href":"https:\/\/www.lacerisesurlecochon.fr\/index.php\/wp-json\/wp\/v2\/media?parent=52"}],"wp:term":[{"taxonomy":"product_brand","embeddable":true,"href":"https:\/\/www.lacerisesurlecochon.fr\/index.php\/wp-json\/wp\/v2\/product_brand?post=52"},{"taxonomy":"product_cat","embeddable":true,"href":"https:\/\/www.lacerisesurlecochon.fr\/index.php\/wp-json\/wp\/v2\/product_cat?post=52"},{"taxonomy":"product_tag","embeddable":true,"href":"https:\/\/www.lacerisesurlecochon.fr\/index.php\/wp-json\/wp\/v2\/product_tag?post=52"}],"curies":[{"name":"wp","href":"https:\/\/api.w.org\/{rel}","templated":true}]}}