{"id":53,"date":"2020-02-04T19:29:34","date_gmt":"2020-02-04T18:29:34","guid":{"rendered":"http:\/\/wp.lacerisesurlecochon.fr\/?post_type=product&#038;p=53"},"modified":"2025-02-26T10:04:50","modified_gmt":"2025-02-26T09:04:50","slug":"jambon-persille-de-bourgogne","status":"publish","type":"product","link":"https:\/\/www.lacerisesurlecochon.fr\/index.php\/produit\/jambon-persille-de-bourgogne\/","title":{"rendered":"Jambon Persill\u00e9 de Bourgogne"},"content":{"rendered":"<p><strong>Recette cuisin\u00e9e avec : du jambon et de la couenne de porc \u00e9lev\u00e9 en plein air, du jus de cuisson, du persil, du <u>vin blanc<\/u>, des oignons\u00a0et du sel.<\/strong><\/p>\n<p><span style=\"color: #861a22;\"><em>La recette traditionnelle de Bourgogne avec ce qu\u2019il faut de persil !<\/em><\/span><\/p>\n","protected":false},"excerpt":{"rendered":"<p>Recette cuisin\u00e9e avec : du jambon et de la couenne de porc \u00e9lev\u00e9 en plein air, du jus de cuisson, du persil, du vin blanc, des oignons\u00a0et du sel. La recette traditionnelle de Bourgogne avec ce qu\u2019il faut de persil !<\/p>\n","protected":false},"featured_media":507,"template":"","meta":[],"product_brand":[],"product_cat":[27,18],"product_tag":[],"class_list":{"0":"post-53","1":"product","2":"type-product","3":"status-publish","4":"has-post-thumbnail","6":"product_cat-porc","7":"product_cat-bourguignonnes","9":"first","10":"instock","11":"shipping-taxable","12":"purchasable","13":"product-type-variable"},"_links":{"self":[{"href":"https:\/\/www.lacerisesurlecochon.fr\/index.php\/wp-json\/wp\/v2\/product\/53","targetHints":{"allow":["GET"]}}],"collection":[{"href":"https:\/\/www.lacerisesurlecochon.fr\/index.php\/wp-json\/wp\/v2\/product"}],"about":[{"href":"https:\/\/www.lacerisesurlecochon.fr\/index.php\/wp-json\/wp\/v2\/types\/product"}],"wp:featuredmedia":[{"embeddable":true,"href":"https:\/\/www.lacerisesurlecochon.fr\/index.php\/wp-json\/wp\/v2\/media\/507"}],"wp:attachment":[{"href":"https:\/\/www.lacerisesurlecochon.fr\/index.php\/wp-json\/wp\/v2\/media?parent=53"}],"wp:term":[{"taxonomy":"product_brand","embeddable":true,"href":"https:\/\/www.lacerisesurlecochon.fr\/index.php\/wp-json\/wp\/v2\/product_brand?post=53"},{"taxonomy":"product_cat","embeddable":true,"href":"https:\/\/www.lacerisesurlecochon.fr\/index.php\/wp-json\/wp\/v2\/product_cat?post=53"},{"taxonomy":"product_tag","embeddable":true,"href":"https:\/\/www.lacerisesurlecochon.fr\/index.php\/wp-json\/wp\/v2\/product_tag?post=53"}],"curies":[{"name":"wp","href":"https:\/\/api.w.org\/{rel}","templated":true}]}}