{"id":54,"date":"2020-02-04T19:30:19","date_gmt":"2020-02-04T18:30:19","guid":{"rendered":"http:\/\/wp.lacerisesurlecochon.fr\/?post_type=product&#038;p=54"},"modified":"2025-02-26T10:04:17","modified_gmt":"2025-02-26T09:04:17","slug":"rillettes-pur-porc-fermier","status":"publish","type":"product","link":"https:\/\/www.lacerisesurlecochon.fr\/index.php\/produit\/rillettes-pur-porc-fermier\/","title":{"rendered":"Rillettes Pur Porc Fermier"},"content":{"rendered":"<p><strong>Recette cuisin\u00e9e avec : du porc \u00e9lev\u00e9 en plein air, du jus de cuisson, du <u>vin blanc<\/u>, du gras de porc \u00e9lev\u00e9 en plein air, du sel, des oignons, du thym et du poivre.<\/strong><\/p>\n<p><span style=\"color: #861a22;\"><em>Viande effiloch\u00e9e \u00e0 la main pour un gout unique\u00a0!<\/em><\/span><\/p>\n","protected":false},"excerpt":{"rendered":"<p>Recette cuisin\u00e9e avec : du porc \u00e9lev\u00e9 en plein air, du jus de cuisson, du vin blanc, du gras de porc \u00e9lev\u00e9 en plein air, du sel, des oignons, du thym et du poivre. Viande effiloch\u00e9e \u00e0 la main pour un gout unique\u00a0!<\/p>\n","protected":false},"featured_media":506,"template":"","meta":[],"product_brand":[],"product_cat":[27],"product_tag":[],"class_list":{"0":"post-54","1":"product","2":"type-product","3":"status-publish","4":"has-post-thumbnail","6":"product_cat-porc","8":"first","9":"instock","10":"shipping-taxable","11":"purchasable","12":"product-type-variable"},"_links":{"self":[{"href":"https:\/\/www.lacerisesurlecochon.fr\/index.php\/wp-json\/wp\/v2\/product\/54","targetHints":{"allow":["GET"]}}],"collection":[{"href":"https:\/\/www.lacerisesurlecochon.fr\/index.php\/wp-json\/wp\/v2\/product"}],"about":[{"href":"https:\/\/www.lacerisesurlecochon.fr\/index.php\/wp-json\/wp\/v2\/types\/product"}],"wp:featuredmedia":[{"embeddable":true,"href":"https:\/\/www.lacerisesurlecochon.fr\/index.php\/wp-json\/wp\/v2\/media\/506"}],"wp:attachment":[{"href":"https:\/\/www.lacerisesurlecochon.fr\/index.php\/wp-json\/wp\/v2\/media?parent=54"}],"wp:term":[{"taxonomy":"product_brand","embeddable":true,"href":"https:\/\/www.lacerisesurlecochon.fr\/index.php\/wp-json\/wp\/v2\/product_brand?post=54"},{"taxonomy":"product_cat","embeddable":true,"href":"https:\/\/www.lacerisesurlecochon.fr\/index.php\/wp-json\/wp\/v2\/product_cat?post=54"},{"taxonomy":"product_tag","embeddable":true,"href":"https:\/\/www.lacerisesurlecochon.fr\/index.php\/wp-json\/wp\/v2\/product_tag?post=54"}],"curies":[{"name":"wp","href":"https:\/\/api.w.org\/{rel}","templated":true}]}}