{"id":573,"date":"2022-10-23T11:45:08","date_gmt":"2022-10-23T09:45:08","guid":{"rendered":"https:\/\/www.lacerisesurlecochon.fr\/?post_type=product&#038;p=573"},"modified":"2025-02-07T09:50:06","modified_gmt":"2025-02-07T08:50:06","slug":"mousse-de-foie-gras-de-canard-au-cremant-de-bourgogne","status":"publish","type":"product","link":"https:\/\/www.lacerisesurlecochon.fr\/index.php\/produit\/mousse-de-foie-gras-de-canard-au-cremant-de-bourgogne\/","title":{"rendered":"Mousse de Foie Gras de Canard au Cr\u00e9mant de Bourgogne"},"content":{"rendered":"<p><strong>Recette cuisin\u00e9e avec : foie gras de Canard entier origine France (57%), cr\u00e8me fraiche, <u>Cr\u00e9mant de Bourgogne<\/u>, sel, poivre blanc, sucre, paprika et muscade.<\/strong><\/p>\n<p><span style=\"color: #861a22;\"><em><span style=\"color: #861a22;\">Quelle onctuosit\u00e9 ! Elle se tartine \u00e0 merveille !<\/span><\/em><\/span><\/p>\n","protected":false},"excerpt":{"rendered":"<p>Recette cuisin\u00e9e avec : foie gras de Canard entier origine France (57%), cr\u00e8me fraiche, Cr\u00e9mant de Bourgogne, sel, poivre blanc, sucre, paprika et muscade. Quelle onctuosit\u00e9 ! Elle se tartine \u00e0 merveille !<\/p>\n","protected":false},"featured_media":577,"template":"","meta":[],"product_brand":[],"product_cat":[20,18,31,28],"product_tag":[],"class_list":{"0":"post-573","1":"product","2":"type-product","3":"status-publish","4":"has-post-thumbnail","6":"product_cat-foie-gras","7":"product_cat-bourguignonnes","8":"product_cat-festif","9":"product_cat-sans-porc","11":"first","12":"outofstock","13":"shipping-taxable","14":"purchasable","15":"product-type-variable"},"_links":{"self":[{"href":"https:\/\/www.lacerisesurlecochon.fr\/index.php\/wp-json\/wp\/v2\/product\/573","targetHints":{"allow":["GET"]}}],"collection":[{"href":"https:\/\/www.lacerisesurlecochon.fr\/index.php\/wp-json\/wp\/v2\/product"}],"about":[{"href":"https:\/\/www.lacerisesurlecochon.fr\/index.php\/wp-json\/wp\/v2\/types\/product"}],"wp:featuredmedia":[{"embeddable":true,"href":"https:\/\/www.lacerisesurlecochon.fr\/index.php\/wp-json\/wp\/v2\/media\/577"}],"wp:attachment":[{"href":"https:\/\/www.lacerisesurlecochon.fr\/index.php\/wp-json\/wp\/v2\/media?parent=573"}],"wp:term":[{"taxonomy":"product_brand","embeddable":true,"href":"https:\/\/www.lacerisesurlecochon.fr\/index.php\/wp-json\/wp\/v2\/product_brand?post=573"},{"taxonomy":"product_cat","embeddable":true,"href":"https:\/\/www.lacerisesurlecochon.fr\/index.php\/wp-json\/wp\/v2\/product_cat?post=573"},{"taxonomy":"product_tag","embeddable":true,"href":"https:\/\/www.lacerisesurlecochon.fr\/index.php\/wp-json\/wp\/v2\/product_tag?post=573"}],"curies":[{"name":"wp","href":"https:\/\/api.w.org\/{rel}","templated":true}]}}