{"id":58,"date":"2020-02-04T19:31:59","date_gmt":"2020-02-04T18:31:59","guid":{"rendered":"http:\/\/wp.lacerisesurlecochon.fr\/?post_type=product&#038;p=58"},"modified":"2025-02-26T10:03:34","modified_gmt":"2025-02-26T09:03:34","slug":"boudin-noir-de-porc-au-mijote-doignons","status":"publish","type":"product","link":"https:\/\/www.lacerisesurlecochon.fr\/index.php\/produit\/boudin-noir-de-porc-au-mijote-doignons\/","title":{"rendered":"Boudin Noir de Porc au Mijot\u00e9 d\u2019Oignons"},"content":{"rendered":"<p><strong>Recette cuisin\u00e9e avec\u00a0: du sang de porc frais, des oignons, du gras de porc \u00e9lev\u00e9 en plein air, du <u>vin blanc<\/u>, du sel, du thym et du poivre.<\/strong><\/p>\n<p><span style=\"color: #861a22;\"><em>R\u00e9v\u00e8le toute sa saveur sur une tranche de pain de campagne\u00a0grill\u00e9e !<\/em><\/span><\/p>\n","protected":false},"excerpt":{"rendered":"<p>Recette cuisin\u00e9e avec\u00a0: du sang de porc frais, des oignons, du gras de porc \u00e9lev\u00e9 en plein air, du vin blanc, du sel, du thym et du poivre. R\u00e9v\u00e8le toute sa saveur sur une tranche de pain de campagne\u00a0grill\u00e9e !<\/p>\n","protected":false},"featured_media":504,"template":"","meta":[],"product_brand":[],"product_cat":[27,33],"product_tag":[],"class_list":{"0":"post-58","1":"product","2":"type-product","3":"status-publish","4":"has-post-thumbnail","6":"product_cat-porc","7":"product_cat-originales","9":"first","10":"instock","11":"shipping-taxable","12":"purchasable","13":"product-type-variable"},"_links":{"self":[{"href":"https:\/\/www.lacerisesurlecochon.fr\/index.php\/wp-json\/wp\/v2\/product\/58","targetHints":{"allow":["GET"]}}],"collection":[{"href":"https:\/\/www.lacerisesurlecochon.fr\/index.php\/wp-json\/wp\/v2\/product"}],"about":[{"href":"https:\/\/www.lacerisesurlecochon.fr\/index.php\/wp-json\/wp\/v2\/types\/product"}],"wp:featuredmedia":[{"embeddable":true,"href":"https:\/\/www.lacerisesurlecochon.fr\/index.php\/wp-json\/wp\/v2\/media\/504"}],"wp:attachment":[{"href":"https:\/\/www.lacerisesurlecochon.fr\/index.php\/wp-json\/wp\/v2\/media?parent=58"}],"wp:term":[{"taxonomy":"product_brand","embeddable":true,"href":"https:\/\/www.lacerisesurlecochon.fr\/index.php\/wp-json\/wp\/v2\/product_brand?post=58"},{"taxonomy":"product_cat","embeddable":true,"href":"https:\/\/www.lacerisesurlecochon.fr\/index.php\/wp-json\/wp\/v2\/product_cat?post=58"},{"taxonomy":"product_tag","embeddable":true,"href":"https:\/\/www.lacerisesurlecochon.fr\/index.php\/wp-json\/wp\/v2\/product_tag?post=58"}],"curies":[{"name":"wp","href":"https:\/\/api.w.org\/{rel}","templated":true}]}}