{"id":60,"date":"2020-02-04T19:33:18","date_gmt":"2020-02-04T18:33:18","guid":{"rendered":"http:\/\/wp.lacerisesurlecochon.fr\/?post_type=product&#038;p=60"},"modified":"2025-02-26T10:02:21","modified_gmt":"2025-02-26T09:02:21","slug":"pate-de-foie-porc-fermier","status":"publish","type":"product","link":"https:\/\/www.lacerisesurlecochon.fr\/index.php\/produit\/pate-de-foie-porc-fermier\/","title":{"rendered":"P\u00e2t\u00e9 de Foie Porc Fermier"},"content":{"rendered":"<p><strong>Recette cuisin\u00e9e avec : du foie et du gras de porc \u00e9lev\u00e9 en plein air, du <u>lait<\/u>, des oignons, du sel et du poivre.<\/strong><\/p>\n<p><span style=\"color: #861a22;\"><em>Une mousse avec un r\u00e9el go\u00fbt de foie\u00a0!<\/em><\/span><\/p>\n","protected":false},"excerpt":{"rendered":"<p>Recette cuisin\u00e9e avec : du foie et du gras de porc \u00e9lev\u00e9 en plein air, du lait, des oignons, du sel et du poivre. Une mousse avec un r\u00e9el go\u00fbt de foie\u00a0!<\/p>\n","protected":false},"featured_media":502,"template":"","meta":[],"product_brand":[],"product_cat":[27],"product_tag":[],"class_list":{"0":"post-60","1":"product","2":"type-product","3":"status-publish","4":"has-post-thumbnail","6":"product_cat-porc","8":"first","9":"instock","10":"shipping-taxable","11":"purchasable","12":"product-type-variable"},"_links":{"self":[{"href":"https:\/\/www.lacerisesurlecochon.fr\/index.php\/wp-json\/wp\/v2\/product\/60","targetHints":{"allow":["GET"]}}],"collection":[{"href":"https:\/\/www.lacerisesurlecochon.fr\/index.php\/wp-json\/wp\/v2\/product"}],"about":[{"href":"https:\/\/www.lacerisesurlecochon.fr\/index.php\/wp-json\/wp\/v2\/types\/product"}],"wp:featuredmedia":[{"embeddable":true,"href":"https:\/\/www.lacerisesurlecochon.fr\/index.php\/wp-json\/wp\/v2\/media\/502"}],"wp:attachment":[{"href":"https:\/\/www.lacerisesurlecochon.fr\/index.php\/wp-json\/wp\/v2\/media?parent=60"}],"wp:term":[{"taxonomy":"product_brand","embeddable":true,"href":"https:\/\/www.lacerisesurlecochon.fr\/index.php\/wp-json\/wp\/v2\/product_brand?post=60"},{"taxonomy":"product_cat","embeddable":true,"href":"https:\/\/www.lacerisesurlecochon.fr\/index.php\/wp-json\/wp\/v2\/product_cat?post=60"},{"taxonomy":"product_tag","embeddable":true,"href":"https:\/\/www.lacerisesurlecochon.fr\/index.php\/wp-json\/wp\/v2\/product_tag?post=60"}],"curies":[{"name":"wp","href":"https:\/\/api.w.org\/{rel}","templated":true}]}}