{"id":600,"date":"2023-11-20T15:20:06","date_gmt":"2023-11-20T14:20:06","guid":{"rendered":"https:\/\/www.lacerisesurlecochon.fr\/?post_type=product&#038;p=600"},"modified":"2025-02-26T09:55:35","modified_gmt":"2025-02-26T08:55:35","slug":"terrine-de-cochon-a-lepoisses","status":"publish","type":"product","link":"https:\/\/www.lacerisesurlecochon.fr\/index.php\/produit\/terrine-de-cochon-a-lepoisses\/","title":{"rendered":"Terrine de Cochon \u00e0 l&rsquo;\u00c9poisses"},"content":{"rendered":"<p><strong>Recette cuisin\u00e9e avec : du porc \u00e9lev\u00e9 en plein air, de l&rsquo;<u>\u00c9poisses (lait)<\/u>, des oignons, du <u>vin rouge<\/u>, du Cognac, du sel et du poivre.<\/strong><\/p>\n<p><span style=\"color: #861a22;\"><em>Une Terrine au go\u00fbt puissant !<\/em><\/span><\/p>\n","protected":false},"excerpt":{"rendered":"<p>Recette cuisin\u00e9e avec : du porc \u00e9lev\u00e9 en plein air, de l&rsquo;\u00c9poisses (lait), des oignons, du vin rouge, du Cognac, du sel et du poivre. Une Terrine au go\u00fbt puissant !<\/p>\n","protected":false},"featured_media":603,"template":"","meta":[],"product_brand":[],"product_cat":[18,25,27],"product_tag":[],"class_list":{"0":"post-600","1":"product","2":"type-product","3":"status-publish","4":"has-post-thumbnail","6":"product_cat-bourguignonnes","7":"product_cat-nouveau","8":"product_cat-porc","10":"first","11":"instock","12":"shipping-taxable","13":"purchasable","14":"product-type-variable"},"_links":{"self":[{"href":"https:\/\/www.lacerisesurlecochon.fr\/index.php\/wp-json\/wp\/v2\/product\/600","targetHints":{"allow":["GET"]}}],"collection":[{"href":"https:\/\/www.lacerisesurlecochon.fr\/index.php\/wp-json\/wp\/v2\/product"}],"about":[{"href":"https:\/\/www.lacerisesurlecochon.fr\/index.php\/wp-json\/wp\/v2\/types\/product"}],"wp:featuredmedia":[{"embeddable":true,"href":"https:\/\/www.lacerisesurlecochon.fr\/index.php\/wp-json\/wp\/v2\/media\/603"}],"wp:attachment":[{"href":"https:\/\/www.lacerisesurlecochon.fr\/index.php\/wp-json\/wp\/v2\/media?parent=600"}],"wp:term":[{"taxonomy":"product_brand","embeddable":true,"href":"https:\/\/www.lacerisesurlecochon.fr\/index.php\/wp-json\/wp\/v2\/product_brand?post=600"},{"taxonomy":"product_cat","embeddable":true,"href":"https:\/\/www.lacerisesurlecochon.fr\/index.php\/wp-json\/wp\/v2\/product_cat?post=600"},{"taxonomy":"product_tag","embeddable":true,"href":"https:\/\/www.lacerisesurlecochon.fr\/index.php\/wp-json\/wp\/v2\/product_tag?post=600"}],"curies":[{"name":"wp","href":"https:\/\/api.w.org\/{rel}","templated":true}]}}