{"id":61,"date":"2020-02-04T19:33:55","date_gmt":"2020-02-04T18:33:55","guid":{"rendered":"http:\/\/wp.lacerisesurlecochon.fr\/?post_type=product&#038;p=61"},"modified":"2025-02-26T10:01:27","modified_gmt":"2025-02-26T09:01:27","slug":"pate-de-campagne-porc-fermier","status":"publish","type":"product","link":"https:\/\/www.lacerisesurlecochon.fr\/index.php\/produit\/pate-de-campagne-porc-fermier\/","title":{"rendered":"P\u00e2t\u00e9 de Campagne au Sancerre"},"content":{"rendered":"<p><strong>Recette cuisin\u00e9e avec\u00a0: du porc \u00e9lev\u00e9 en plein air, des oignons, du <u>vin Sancerre<\/u>, du sel et du poivre.<\/strong><\/p>\n<p><span style=\"color: #993300;\"><em>Le go\u00fbt du p\u00e2t\u00e9 de campagne de nos grand-m\u00e8res retrouv\u00e9 !<\/em><\/span><\/p>\n","protected":false},"excerpt":{"rendered":"<p>Recette cuisin\u00e9e avec\u00a0: du porc \u00e9lev\u00e9 en plein air, des oignons, du vin Sancerre, du sel et du poivre. Le go\u00fbt du p\u00e2t\u00e9 de campagne de nos grand-m\u00e8res retrouv\u00e9 !<\/p>\n","protected":false},"featured_media":599,"template":"","meta":[],"product_brand":[],"product_cat":[27,25],"product_tag":[],"class_list":{"0":"post-61","1":"product","2":"type-product","3":"status-publish","4":"has-post-thumbnail","6":"product_cat-porc","7":"product_cat-nouveau","9":"first","10":"instock","11":"shipping-taxable","12":"purchasable","13":"product-type-variable"},"_links":{"self":[{"href":"https:\/\/www.lacerisesurlecochon.fr\/index.php\/wp-json\/wp\/v2\/product\/61","targetHints":{"allow":["GET"]}}],"collection":[{"href":"https:\/\/www.lacerisesurlecochon.fr\/index.php\/wp-json\/wp\/v2\/product"}],"about":[{"href":"https:\/\/www.lacerisesurlecochon.fr\/index.php\/wp-json\/wp\/v2\/types\/product"}],"wp:featuredmedia":[{"embeddable":true,"href":"https:\/\/www.lacerisesurlecochon.fr\/index.php\/wp-json\/wp\/v2\/media\/599"}],"wp:attachment":[{"href":"https:\/\/www.lacerisesurlecochon.fr\/index.php\/wp-json\/wp\/v2\/media?parent=61"}],"wp:term":[{"taxonomy":"product_brand","embeddable":true,"href":"https:\/\/www.lacerisesurlecochon.fr\/index.php\/wp-json\/wp\/v2\/product_brand?post=61"},{"taxonomy":"product_cat","embeddable":true,"href":"https:\/\/www.lacerisesurlecochon.fr\/index.php\/wp-json\/wp\/v2\/product_cat?post=61"},{"taxonomy":"product_tag","embeddable":true,"href":"https:\/\/www.lacerisesurlecochon.fr\/index.php\/wp-json\/wp\/v2\/product_tag?post=61"}],"curies":[{"name":"wp","href":"https:\/\/api.w.org\/{rel}","templated":true}]}}